{"id":12875,"date":"2026-04-12T13:59:11","date_gmt":"2026-04-12T11:59:11","guid":{"rendered":"https:\/\/visteteconvero.es\/?post_type=product&#038;p=12875"},"modified":"2026-04-12T14:15:58","modified_gmt":"2026-04-12T12:15:58","slug":"monedero-virgen-del-rocio","status":"publish","type":"product","link":"https:\/\/visteteconvero.es\/index.php\/product\/monedero-virgen-del-rocio\/","title":{"rendered":"Monedero VIRGEN DEL ROCIO."},"content":{"rendered":"<p class=\"ds-markdown-paragraph\"><strong>Monedero &#8220;Virgen del Roc\u00edo&#8221; \ud83d\ude4f\u2728<\/strong><\/p>\n<p class=\"ds-markdown-paragraph\">Este monedero no es un simple accesorio, sino un peque\u00f1o objeto de devoci\u00f3n y estilo artesanal.<\/p>\n<p class=\"ds-markdown-paragraph\">Fabricado en\u00a0<strong>piel genuina<\/strong> de primera calidad, ofrece una resistencia suave al tacto que promete durar a\u00f1os sin perder su encanto. Sus medidas compactas <strong>11 cm de largo por 8 cm de alto <\/strong>lo hacen perfecto para llevar en el bolsillo delantero, un bolso peque\u00f1o o incluso en la palma de la mano. \ud83d\udccf<\/p>\n<p class=\"ds-markdown-paragraph\">Su dise\u00f1o incluye\u00a0<strong>dos compartimentos independientes con cremallera<\/strong>\u00a0\ud83d\udd12, lo que permite separar monedas, billetes, tarjetas o incluso peque\u00f1os recuerdos de la romer\u00eda. El interior est\u00e1 completamente\u00a0<strong>forjado con tela suave y forrada<\/strong>, protegiendo el contenido y dando un acabado premium que marca la diferencia frente a monederos comunes.<\/p>\n<p class=\"ds-markdown-paragraph\">Disponible en\u00a0<strong>tres colores cl\u00e1sicos y vers\u00e1tiles<\/strong>:\u00a0<strong>azul oscuro<\/strong>\u00a0\ud83d\udc99 (elegante y sobrio),\u00a0<strong>marr\u00f3n<\/strong>\u00a0\ud83e\udd0e (r\u00fastico y c\u00e1lido) y\u00a0<strong>verde oliva<\/strong>\u00a0\ud83d\udc9a (militar y natural). Todos ellos comparten un detalle \u00fanico: una\u00a0<strong>estampaci\u00f3n en piel de color rosa<\/strong>\u00a0\ud83c\udf38 de la\u00a0<strong>Virgen del Roc\u00edo<\/strong>, realizada con precisi\u00f3n para que el rostro y el manto de la patrona de Almonte se distingan con ternura y respeto.<\/p>\n<p class=\"ds-markdown-paragraph\">Llevar este monedero es tener siempre presente la fe rociera, ya sea para guardar una estampa, una medalla o simplemente para sentir cerca la protecci\u00f3n de la Blanca Paloma \ud83d\udd4a\ufe0f\ud83d\udc96<\/p>\n","protected":false},"excerpt":{"rendered":"<p>Monedero &#8220;Virgen del Roc\u00edo&#8221; \ud83d\ude4f\u2728 Este monedero no es un simple accesorio, sino un peque\u00f1o objeto de devoci\u00f3n y estilo artesanal. Fabricado en\u00a0piel genuina de primera calidad, ofrece una resistencia suave al tacto que promete durar a\u00f1os sin perder su encanto. Sus medidas compactas 11 cm de largo por 8 cm de alto lo hacen&hellip;&nbsp;<a href=\"https:\/\/visteteconvero.es\/index.php\/product\/monedero-virgen-del-rocio\/\" rel=\"bookmark\">Read More &raquo;<span class=\"screen-reader-text\">Monedero VIRGEN DEL ROCIO.<\/span><\/a><\/p>\n","protected":false},"featured_media":12872,"comment_status":"open","ping_status":"closed","template":"","meta":{"neve_meta_sidebar":"","neve_meta_container":"","neve_meta_enable_content_width":"off","neve_meta_content_width":100,"neve_meta_title_alignment":"","neve_meta_author_avatar":"","neve_post_elements_order":"","neve_meta_disable_header":"","neve_meta_disable_footer":"","neve_meta_disable_title":"","neve_meta_reading_time":""},"product_brand":[],"product_cat":[223,231],"product_tag":[],"class_list":{"0":"post-12875","1":"product","2":"type-product","3":"status-publish","4":"has-post-thumbnail","6":"product_cat-complementos","7":"product_cat-ultimo-directo","9":"first","10":"instock","11":"shipping-taxable","12":"purchasable","13":"product-type-variable"},"_links":{"self":[{"href":"https:\/\/visteteconvero.es\/index.php\/wp-json\/wp\/v2\/product\/12875","targetHints":{"allow":["GET"]}}],"collection":[{"href":"https:\/\/visteteconvero.es\/index.php\/wp-json\/wp\/v2\/product"}],"about":[{"href":"https:\/\/visteteconvero.es\/index.php\/wp-json\/wp\/v2\/types\/product"}],"replies":[{"embeddable":true,"href":"https:\/\/visteteconvero.es\/index.php\/wp-json\/wp\/v2\/comments?post=12875"}],"wp:featuredmedia":[{"embeddable":true,"href":"https:\/\/visteteconvero.es\/index.php\/wp-json\/wp\/v2\/media\/12872"}],"wp:attachment":[{"href":"https:\/\/visteteconvero.es\/index.php\/wp-json\/wp\/v2\/media?parent=12875"}],"wp:term":[{"taxonomy":"product_brand","embeddable":true,"href":"https:\/\/visteteconvero.es\/index.php\/wp-json\/wp\/v2\/product_brand?post=12875"},{"taxonomy":"product_cat","embeddable":true,"href":"https:\/\/visteteconvero.es\/index.php\/wp-json\/wp\/v2\/product_cat?post=12875"},{"taxonomy":"product_tag","embeddable":true,"href":"https:\/\/visteteconvero.es\/index.php\/wp-json\/wp\/v2\/product_tag?post=12875"}],"curies":[{"name":"wp","href":"https:\/\/api.w.org\/{rel}","templated":true}]}}