{"id":12770,"date":"2026-04-08T22:13:11","date_gmt":"2026-04-08T20:13:11","guid":{"rendered":"https:\/\/visteteconvero.es\/?post_type=product&#038;p=12770"},"modified":"2026-04-12T22:14:28","modified_gmt":"2026-04-12T20:14:28","slug":"comestica-koreana-kiss-beauty-champu-body-lotion","status":"publish","type":"product","link":"https:\/\/visteteconvero.es\/index.php\/product\/comestica-koreana-kiss-beauty-champu-body-lotion\/","title":{"rendered":"COMESTICA KOREANA KISS BEAUTY &#8211; CHAMP\u00da + BODY LOTION"},"content":{"rendered":"<p data-start=\"115\" data-end=\"245\">Los productos de <strong data-start=\"132\" data-end=\"159\">Kiss Beauty Skin Clinic<\/strong> traen lo mejor de la <strong data-start=\"181\" data-end=\"202\">cosm\u00e9tica coreana<\/strong> directamente a tu rutina diaria \u2728\ud83c\uddf0\ud83c\uddf7\ud83d\udc96.<\/p>\n<p data-start=\"247\" data-end=\"461\">\ud83d\udc86\u200d\u2640\ufe0f <strong data-start=\"253\" data-end=\"280\">Champ\u00fa con \u00e1cido k\u00f3jico<\/strong> \u2013 limpia suavemente mientras ayuda a <strong data-start=\"318\" data-end=\"358\">unificar el tono del cuero cabelludo<\/strong>, fortalece el cabello y le da un brillo natural \u2728\ud83d\udda4. Ideal para cabellos delicados o sensibilizados.<\/p>\n<p data-start=\"463\" data-end=\"710\">\ud83e\uddf4 <strong data-start=\"466\" data-end=\"498\">Body Lotion con \u00e1cido k\u00f3jico<\/strong> \u2013 hidrata profundamente, ilumina la piel y ayuda a <strong data-start=\"550\" data-end=\"586\">reducir manchas oscuras o marcas<\/strong>, dejando un tacto suave, uniforme y radiante \ud83c\udf38\u2600\ufe0f. Su textura ligera se absorbe r\u00e1pidamente, perfecta para el uso diario.<\/p>\n<p data-start=\"712\" data-end=\"972\">\ud83d\udc96 Formulados con la tecnolog\u00eda de la <strong data-start=\"750\" data-end=\"771\">cosm\u00e9tica coreana<\/strong>, estos productos son <strong data-start=\"793\" data-end=\"815\">eficaces y seguros<\/strong>, cuidando la piel y el cabello mientras aportan resultados visibles. \u00a1Tu rutina de belleza profesional en casa nunca hab\u00eda sido tan f\u00e1cil y deliciosa! \ud83c\udf08\u2728<\/p>\n<p>&nbsp;<\/p>\n","protected":false},"excerpt":{"rendered":"<p>Los productos de Kiss Beauty Skin Clinic traen lo mejor de la cosm\u00e9tica coreana directamente a tu rutina diaria \u2728\ud83c\uddf0\ud83c\uddf7\ud83d\udc96. \ud83d\udc86\u200d\u2640\ufe0f Champ\u00fa con \u00e1cido k\u00f3jico \u2013 limpia suavemente mientras ayuda a unificar el tono del cuero cabelludo, fortalece el cabello y le da un brillo natural \u2728\ud83d\udda4. Ideal para cabellos delicados o sensibilizados. \ud83e\uddf4 Body&hellip;&nbsp;<a href=\"https:\/\/visteteconvero.es\/index.php\/product\/comestica-koreana-kiss-beauty-champu-body-lotion\/\" rel=\"bookmark\">Read More &raquo;<span class=\"screen-reader-text\">COMESTICA KOREANA KISS BEAUTY &#8211; CHAMP\u00da + BODY LOTION<\/span><\/a><\/p>\n","protected":false},"featured_media":12773,"comment_status":"open","ping_status":"closed","template":"","meta":{"neve_meta_sidebar":"","neve_meta_container":"","neve_meta_enable_content_width":"off","neve_meta_content_width":100,"neve_meta_title_alignment":"","neve_meta_author_avatar":"","neve_post_elements_order":"","neve_meta_disable_header":"","neve_meta_disable_footer":"","neve_meta_disable_title":"","neve_meta_reading_time":""},"product_brand":[],"product_cat":[220],"product_tag":[],"class_list":{"0":"post-12770","1":"product","2":"type-product","3":"status-publish","4":"has-post-thumbnail","6":"product_cat-beauty","8":"first","9":"instock","10":"shipping-taxable","11":"purchasable","12":"product-type-variable"},"_links":{"self":[{"href":"https:\/\/visteteconvero.es\/index.php\/wp-json\/wp\/v2\/product\/12770","targetHints":{"allow":["GET"]}}],"collection":[{"href":"https:\/\/visteteconvero.es\/index.php\/wp-json\/wp\/v2\/product"}],"about":[{"href":"https:\/\/visteteconvero.es\/index.php\/wp-json\/wp\/v2\/types\/product"}],"replies":[{"embeddable":true,"href":"https:\/\/visteteconvero.es\/index.php\/wp-json\/wp\/v2\/comments?post=12770"}],"wp:featuredmedia":[{"embeddable":true,"href":"https:\/\/visteteconvero.es\/index.php\/wp-json\/wp\/v2\/media\/12773"}],"wp:attachment":[{"href":"https:\/\/visteteconvero.es\/index.php\/wp-json\/wp\/v2\/media?parent=12770"}],"wp:term":[{"taxonomy":"product_brand","embeddable":true,"href":"https:\/\/visteteconvero.es\/index.php\/wp-json\/wp\/v2\/product_brand?post=12770"},{"taxonomy":"product_cat","embeddable":true,"href":"https:\/\/visteteconvero.es\/index.php\/wp-json\/wp\/v2\/product_cat?post=12770"},{"taxonomy":"product_tag","embeddable":true,"href":"https:\/\/visteteconvero.es\/index.php\/wp-json\/wp\/v2\/product_tag?post=12770"}],"curies":[{"name":"wp","href":"https:\/\/api.w.org\/{rel}","templated":true}]}}