{"id":12755,"date":"2026-04-08T22:05:28","date_gmt":"2026-04-08T20:05:28","guid":{"rendered":"https:\/\/visteteconvero.es\/?post_type=product&#038;p=12755"},"modified":"2026-04-08T22:12:16","modified_gmt":"2026-04-08T20:12:16","slug":"champu-y-mascarilla-dona-flora","status":"publish","type":"product","link":"https:\/\/visteteconvero.es\/index.php\/product\/champu-y-mascarilla-dona-flora\/","title":{"rendered":"CHAMP\u00da Y MASCARILLA DO\u00d1A FLORA"},"content":{"rendered":"<p data-start=\"0\" data-end=\"173\">Los <strong data-start=\"4\" data-end=\"40\">champ\u00fas y mascarillas Do\u00f1a Flora<\/strong> est\u00e1n dise\u00f1ados para cuidar, nutrir y fortalecer el cabello, convirtiendo tu rutina capilar en un aut\u00e9ntico ritual de belleza \u2728\ud83d\udc96.<\/p>\n<p data-start=\"0\" data-end=\"173\"><strong><span style=\"color: #3366ff;\">CHAMP\u00da:<\/span><\/strong><\/p>\n<p data-start=\"175\" data-end=\"570\">\ud83c\udf1f <strong data-start=\"178\" data-end=\"197\">Rapunzel<\/strong> \u2013 fortalece y aporta brillo, ideal para cabellos largos y delicados, dej\u00e1ndolos suaves y sedosos.<br data-start=\"295\" data-end=\"298\" \/>\u2601\ufe0f <strong data-start=\"301\" data-end=\"316\">Dream Cream<\/strong> \u2013 hidrata intensamente y suaviza la fibra capilar, proporcionando un tacto aterciopelado y manejable.<br data-start=\"418\" data-end=\"421\" data-is-only-node=\"\" \/>\ud83d\udc34 <strong data-start=\"424\" data-end=\"472\">Pelazo Cola de Caballo<\/strong>\u00a0estimula el crecimiento y refuerza la ra\u00edz, dejando el cabello fuerte, brillante y saludable.<\/p>\n<p data-start=\"175\" data-end=\"570\"><strong><span style=\"color: #993300;\">MASCARILLA:<\/span><\/strong><\/p>\n<p data-start=\"572\" data-end=\"875\">\ud83d\udc86\u200d\u2640\ufe0f <strong data-start=\"578\" data-end=\"601\">Mascarilla Rapunzel<\/strong> \u2013 nutre profundamente, desenreda y protege las puntas, ayudando a mantener un cabello largo, sedoso y libre de da\u00f1os.<br data-start=\"719\" data-end=\"722\" \/>\ud83d\udc86\u200d\u2640\ufe0f <strong data-start=\"728\" data-end=\"765\">Mascarilla Pelazo Cola de Caballo<\/strong> \u2013 refuerza la estructura del cabello, hidrata y aporta elasticidad, ideal para mantenerlo sano y brillante.<\/p>\n<p data-start=\"877\" data-end=\"1060\">Formulados con ingredientes de calidad, estos productos ofrecen <strong data-start=\"941\" data-end=\"980\">hidrataci\u00f3n, nutrici\u00f3n y protecci\u00f3n<\/strong>, dejando tu cabello suave, manejable y listo para brillar todos los d\u00edas. \u2728\ud83c\udf38<\/p>\n<p>&nbsp;<\/p>\n<p>&nbsp;<\/p>\n","protected":false},"excerpt":{"rendered":"<p>Los champ\u00fas y mascarillas Do\u00f1a Flora est\u00e1n dise\u00f1ados para cuidar, nutrir y fortalecer el cabello, convirtiendo tu rutina capilar en un aut\u00e9ntico ritual de belleza \u2728\ud83d\udc96. CHAMP\u00da: \ud83c\udf1f Rapunzel \u2013 fortalece y aporta brillo, ideal para cabellos largos y delicados, dej\u00e1ndolos suaves y sedosos.\u2601\ufe0f Dream Cream \u2013 hidrata intensamente y suaviza la fibra capilar, proporcionando&hellip;&nbsp;<a href=\"https:\/\/visteteconvero.es\/index.php\/product\/champu-y-mascarilla-dona-flora\/\" rel=\"bookmark\">Read More &raquo;<span class=\"screen-reader-text\">CHAMP\u00da Y MASCARILLA DO\u00d1A FLORA<\/span><\/a><\/p>\n","protected":false},"featured_media":12761,"comment_status":"open","ping_status":"closed","template":"","meta":{"neve_meta_sidebar":"","neve_meta_container":"","neve_meta_enable_content_width":"off","neve_meta_content_width":100,"neve_meta_title_alignment":"","neve_meta_author_avatar":"","neve_post_elements_order":"","neve_meta_disable_header":"","neve_meta_disable_footer":"","neve_meta_disable_title":"","neve_meta_reading_time":""},"product_brand":[],"product_cat":[220],"product_tag":[],"class_list":{"0":"post-12755","1":"product","2":"type-product","3":"status-publish","4":"has-post-thumbnail","6":"product_cat-beauty","8":"first","9":"instock","10":"shipping-taxable","11":"purchasable","12":"product-type-variable"},"_links":{"self":[{"href":"https:\/\/visteteconvero.es\/index.php\/wp-json\/wp\/v2\/product\/12755","targetHints":{"allow":["GET"]}}],"collection":[{"href":"https:\/\/visteteconvero.es\/index.php\/wp-json\/wp\/v2\/product"}],"about":[{"href":"https:\/\/visteteconvero.es\/index.php\/wp-json\/wp\/v2\/types\/product"}],"replies":[{"embeddable":true,"href":"https:\/\/visteteconvero.es\/index.php\/wp-json\/wp\/v2\/comments?post=12755"}],"wp:featuredmedia":[{"embeddable":true,"href":"https:\/\/visteteconvero.es\/index.php\/wp-json\/wp\/v2\/media\/12761"}],"wp:attachment":[{"href":"https:\/\/visteteconvero.es\/index.php\/wp-json\/wp\/v2\/media?parent=12755"}],"wp:term":[{"taxonomy":"product_brand","embeddable":true,"href":"https:\/\/visteteconvero.es\/index.php\/wp-json\/wp\/v2\/product_brand?post=12755"},{"taxonomy":"product_cat","embeddable":true,"href":"https:\/\/visteteconvero.es\/index.php\/wp-json\/wp\/v2\/product_cat?post=12755"},{"taxonomy":"product_tag","embeddable":true,"href":"https:\/\/visteteconvero.es\/index.php\/wp-json\/wp\/v2\/product_tag?post=12755"}],"curies":[{"name":"wp","href":"https:\/\/api.w.org\/{rel}","templated":true}]}}