{"id":12735,"date":"2026-04-08T21:43:16","date_gmt":"2026-04-08T19:43:16","guid":{"rendered":"https:\/\/visteteconvero.es\/?post_type=product&#038;p=12735"},"modified":"2026-04-08T21:53:22","modified_gmt":"2026-04-08T19:53:22","slug":"gel-de-ducha-chupa-chups","status":"publish","type":"product","link":"https:\/\/visteteconvero.es\/index.php\/product\/gel-de-ducha-chupa-chups\/","title":{"rendered":"GEL DE DUCHA CHUPA CHUPS."},"content":{"rendered":"<p>\u2b50\ufe0f Los <strong data-start=\"4\" data-end=\"34\">Geles de ducha Chupa Chups<\/strong> son una explosi\u00f3n de frescura y diversi\u00f3n para la piel \ud83c\udf6c\ud83d\udec1, transformando la ducha diaria en un momento divertido y lleno de energ\u00eda.<\/p>\n<p data-start=\"173\" data-end=\"480\">\ud83e\udd64 <strong data-start=\"176\" data-end=\"190\">Fresh Cola<\/strong> \u2013 dulce, refrescante y chispeante, como beber un sorbo de tu cola favorita.<br data-start=\"266\" data-end=\"269\" \/>\ud83c\udf4f <strong data-start=\"272\" data-end=\"287\" data-is-only-node=\"\">Green Apple<\/strong> \u2013 afrutado, \u00e1cido y jugoso, con un toque vibrante que despierta los sentidos.<br data-start=\"365\" data-end=\"368\" \/>\ud83c\udf4a <strong data-start=\"371\" data-end=\"385\">Pop Orange<\/strong> \u2013 c\u00edtrico y refrescante, lleno de energ\u00eda y alegr\u00eda que llena tu ducha de color y vitalidad.<\/p>\n<p data-start=\"482\" data-end=\"677\">Su textura cremosa limpia suavemente, dejando la piel fresca, perfumada y con sensaci\u00f3n suave y c\u00f3moda. Perfectos para <strong data-start=\"601\" data-end=\"670\">ni\u00f1os, j\u00f3venes y adultos que aman los aromas divertidos y golosos<\/strong> \u2728\ud83d\udc96.<\/p>\n<p data-start=\"679\" data-end=\"870\" data-is-last-node=\"\" data-is-only-node=\"\">Ligeros y f\u00e1ciles de usar, estos geles convierten el ba\u00f1o en un <strong data-start=\"743\" data-end=\"798\">momento de diversi\u00f3n, frescura y aroma irresistible<\/strong>, haciendo que cada ducha sea un momento alegre y lleno de energ\u00eda. \ud83c\udf08\ud83d\udec1<\/p>\n","protected":false},"excerpt":{"rendered":"<p>\u2b50\ufe0f Los Geles de ducha Chupa Chups son una explosi\u00f3n de frescura y diversi\u00f3n para la piel \ud83c\udf6c\ud83d\udec1, transformando la ducha diaria en un momento divertido y lleno de energ\u00eda. \ud83e\udd64 Fresh Cola \u2013 dulce, refrescante y chispeante, como beber un sorbo de tu cola favorita.\ud83c\udf4f Green Apple \u2013 afrutado, \u00e1cido y jugoso, con un&hellip;&nbsp;<a href=\"https:\/\/visteteconvero.es\/index.php\/product\/gel-de-ducha-chupa-chups\/\" rel=\"bookmark\">Read More &raquo;<span class=\"screen-reader-text\">GEL DE DUCHA CHUPA CHUPS.<\/span><\/a><\/p>\n","protected":false},"featured_media":12739,"comment_status":"open","ping_status":"closed","template":"","meta":{"neve_meta_sidebar":"","neve_meta_container":"","neve_meta_enable_content_width":"off","neve_meta_content_width":100,"neve_meta_title_alignment":"","neve_meta_author_avatar":"","neve_post_elements_order":"","neve_meta_disable_header":"","neve_meta_disable_footer":"","neve_meta_disable_title":"","neve_meta_reading_time":""},"product_brand":[],"product_cat":[220],"product_tag":[],"class_list":{"0":"post-12735","1":"product","2":"type-product","3":"status-publish","4":"has-post-thumbnail","6":"product_cat-beauty","8":"first","9":"instock","10":"shipping-taxable","11":"purchasable","12":"product-type-variable"},"_links":{"self":[{"href":"https:\/\/visteteconvero.es\/index.php\/wp-json\/wp\/v2\/product\/12735","targetHints":{"allow":["GET"]}}],"collection":[{"href":"https:\/\/visteteconvero.es\/index.php\/wp-json\/wp\/v2\/product"}],"about":[{"href":"https:\/\/visteteconvero.es\/index.php\/wp-json\/wp\/v2\/types\/product"}],"replies":[{"embeddable":true,"href":"https:\/\/visteteconvero.es\/index.php\/wp-json\/wp\/v2\/comments?post=12735"}],"wp:featuredmedia":[{"embeddable":true,"href":"https:\/\/visteteconvero.es\/index.php\/wp-json\/wp\/v2\/media\/12739"}],"wp:attachment":[{"href":"https:\/\/visteteconvero.es\/index.php\/wp-json\/wp\/v2\/media?parent=12735"}],"wp:term":[{"taxonomy":"product_brand","embeddable":true,"href":"https:\/\/visteteconvero.es\/index.php\/wp-json\/wp\/v2\/product_brand?post=12735"},{"taxonomy":"product_cat","embeddable":true,"href":"https:\/\/visteteconvero.es\/index.php\/wp-json\/wp\/v2\/product_cat?post=12735"},{"taxonomy":"product_tag","embeddable":true,"href":"https:\/\/visteteconvero.es\/index.php\/wp-json\/wp\/v2\/product_tag?post=12735"}],"curies":[{"name":"wp","href":"https:\/\/api.w.org\/{rel}","templated":true}]}}