{"id":12689,"date":"2026-04-08T21:02:06","date_gmt":"2026-04-08T19:02:06","guid":{"rendered":"https:\/\/visteteconvero.es\/?post_type=product&#038;p=12689"},"modified":"2026-04-08T21:13:59","modified_gmt":"2026-04-08T19:13:59","slug":"brumas-corporales-tulipan-negro","status":"publish","type":"product","link":"https:\/\/visteteconvero.es\/index.php\/product\/brumas-corporales-tulipan-negro\/","title":{"rendered":"BRUMAS CORPORALES TULIPAN NEGRO."},"content":{"rendered":"<p data-start=\"0\" data-end=\"138\">Las brumas corporales de <span class=\"hover:entity-accent entity-underline inline cursor-pointer align-baseline\"><span class=\"whitespace-normal\">Tulip\u00e1n Negro<\/span><\/span> son un <strong data-start=\"70\" data-end=\"109\">viaje de aromas dulces y divertidos<\/strong> que envuelven tu piel \u2728\ud83d\udc96.<\/p>\n<p data-start=\"140\" data-end=\"521\">\ud83c\udf6d <strong data-start=\"143\" data-end=\"160\">Candy Fantasy<\/strong> \u2013 dulce, golosa y juguetona, como un caramelo irresistible.<br data-start=\"220\" data-end=\"223\" \/>\ud83e\udd65 <strong data-start=\"226\" data-end=\"234\">Coco<\/strong> \u2013 tropical y suave, ideal para sentir la brisa del verano en cualquier momento \ud83c\udf34\u2600\ufe0f.<br data-start=\"319\" data-end=\"322\" \/>\u2601\ufe0f <strong data-start=\"325\" data-end=\"344\">Nube de Algod\u00f3n<\/strong> \u2013 ligera y esponjosa, con ese toque m\u00e1gico de algod\u00f3n de az\u00facar que enamora.<br data-start=\"421\" data-end=\"424\" \/>\ud83c\udf48 <strong data-start=\"427\" data-end=\"442\">Sugar Melon<\/strong> \u2013 fresco, afrutado y dulce, perfecto para un aroma juvenil y divertido \ud83c\udf49\ud83d\udc9b.<\/p>\n<p data-start=\"523\" data-end=\"806\" data-is-last-node=\"\" data-is-only-node=\"\">Ligeras y refrescantes, estas brumas son perfectas para llevar en el bolso \ud83d\udc5c y reaplicar cuando quieras sentirte <strong data-start=\"637\" data-end=\"687\">perfumeada, alegre y lista para cualquier plan<\/strong>.<\/p>\n<p data-start=\"523\" data-end=\"806\" data-is-last-node=\"\" data-is-only-node=\"\">\ud83c\udf38\u2728 Su delicada fragancia deja la piel suave, perfumada y con un toque irresistible que te acompa\u00f1a todo el d\u00eda. \ud83d\udc96\ud83c\udf6c<\/p>\n","protected":false},"excerpt":{"rendered":"<p>Las brumas corporales de Tulip\u00e1n Negro son un viaje de aromas dulces y divertidos que envuelven tu piel \u2728\ud83d\udc96. \ud83c\udf6d Candy Fantasy \u2013 dulce, golosa y juguetona, como un caramelo irresistible.\ud83e\udd65 Coco \u2013 tropical y suave, ideal para sentir la brisa del verano en cualquier momento \ud83c\udf34\u2600\ufe0f.\u2601\ufe0f Nube de Algod\u00f3n \u2013 ligera y esponjosa, con&hellip;&nbsp;<a href=\"https:\/\/visteteconvero.es\/index.php\/product\/brumas-corporales-tulipan-negro\/\" rel=\"bookmark\">Read More &raquo;<span class=\"screen-reader-text\">BRUMAS CORPORALES TULIPAN NEGRO.<\/span><\/a><\/p>\n","protected":false},"featured_media":12694,"comment_status":"open","ping_status":"closed","template":"","meta":{"neve_meta_sidebar":"","neve_meta_container":"","neve_meta_enable_content_width":"off","neve_meta_content_width":100,"neve_meta_title_alignment":"","neve_meta_author_avatar":"","neve_post_elements_order":"","neve_meta_disable_header":"","neve_meta_disable_footer":"","neve_meta_disable_title":"","neve_meta_reading_time":""},"product_brand":[],"product_cat":[220],"product_tag":[],"class_list":{"0":"post-12689","1":"product","2":"type-product","3":"status-publish","4":"has-post-thumbnail","6":"product_cat-beauty","8":"first","9":"instock","10":"sale","11":"shipping-taxable","12":"purchasable","13":"product-type-variable"},"_links":{"self":[{"href":"https:\/\/visteteconvero.es\/index.php\/wp-json\/wp\/v2\/product\/12689","targetHints":{"allow":["GET"]}}],"collection":[{"href":"https:\/\/visteteconvero.es\/index.php\/wp-json\/wp\/v2\/product"}],"about":[{"href":"https:\/\/visteteconvero.es\/index.php\/wp-json\/wp\/v2\/types\/product"}],"replies":[{"embeddable":true,"href":"https:\/\/visteteconvero.es\/index.php\/wp-json\/wp\/v2\/comments?post=12689"}],"wp:featuredmedia":[{"embeddable":true,"href":"https:\/\/visteteconvero.es\/index.php\/wp-json\/wp\/v2\/media\/12694"}],"wp:attachment":[{"href":"https:\/\/visteteconvero.es\/index.php\/wp-json\/wp\/v2\/media?parent=12689"}],"wp:term":[{"taxonomy":"product_brand","embeddable":true,"href":"https:\/\/visteteconvero.es\/index.php\/wp-json\/wp\/v2\/product_brand?post=12689"},{"taxonomy":"product_cat","embeddable":true,"href":"https:\/\/visteteconvero.es\/index.php\/wp-json\/wp\/v2\/product_cat?post=12689"},{"taxonomy":"product_tag","embeddable":true,"href":"https:\/\/visteteconvero.es\/index.php\/wp-json\/wp\/v2\/product_tag?post=12689"}],"curies":[{"name":"wp","href":"https:\/\/api.w.org\/{rel}","templated":true}]}}