{"id":12624,"date":"2026-04-06T15:11:00","date_gmt":"2026-04-06T13:11:00","guid":{"rendered":"https:\/\/visteteconvero.es\/?post_type=product&#038;p=12624"},"modified":"2026-04-12T22:14:53","modified_gmt":"2026-04-12T20:14:53","slug":"my-imperium-sensinity","status":"publish","type":"product","link":"https:\/\/visteteconvero.es\/index.php\/product\/my-imperium-sensinity\/","title":{"rendered":"MY IMPERIUM SENSINITY"},"content":{"rendered":"<p>\u2b50\ufe0f<strong>SENSINITY HOMBRE \u2013 vive una experiencia olfativa \u00fanica.<\/strong><\/p>\n<ul>\n<li><strong>MY IMPERIUM<\/strong> es poder en estado puro. Con salida c\u00edtrica y especiada, coraz\u00f3n de maderas nobles y fondo de cuero, \u00e1mbar y pachul\u00ed. Ideal para el hombre que lidera.<\/li>\n<\/ul>\n<p>&nbsp;<\/p>\n","protected":false},"excerpt":{"rendered":"<p>\u2b50\ufe0fSENSINITY HOMBRE \u2013 vive una experiencia olfativa \u00fanica. MY IMPERIUM es poder en estado puro. Con salida c\u00edtrica y especiada, coraz\u00f3n de maderas nobles y fondo de cuero, \u00e1mbar y pachul\u00ed. Ideal para el hombre que lidera. &nbsp;<\/p>\n","protected":false},"featured_media":12633,"comment_status":"open","ping_status":"closed","template":"","meta":{"neve_meta_sidebar":"","neve_meta_container":"","neve_meta_enable_content_width":"off","neve_meta_content_width":100,"neve_meta_title_alignment":"","neve_meta_author_avatar":"","neve_post_elements_order":"","neve_meta_disable_header":"","neve_meta_disable_footer":"","neve_meta_disable_title":"","neve_meta_reading_time":""},"product_brand":[],"product_cat":[220],"product_tag":[],"class_list":{"0":"post-12624","1":"product","2":"type-product","3":"status-publish","4":"has-post-thumbnail","6":"product_cat-beauty","8":"first","9":"instock","10":"shipping-taxable","11":"purchasable","12":"product-type-simple"},"_links":{"self":[{"href":"https:\/\/visteteconvero.es\/index.php\/wp-json\/wp\/v2\/product\/12624","targetHints":{"allow":["GET"]}}],"collection":[{"href":"https:\/\/visteteconvero.es\/index.php\/wp-json\/wp\/v2\/product"}],"about":[{"href":"https:\/\/visteteconvero.es\/index.php\/wp-json\/wp\/v2\/types\/product"}],"replies":[{"embeddable":true,"href":"https:\/\/visteteconvero.es\/index.php\/wp-json\/wp\/v2\/comments?post=12624"}],"wp:featuredmedia":[{"embeddable":true,"href":"https:\/\/visteteconvero.es\/index.php\/wp-json\/wp\/v2\/media\/12633"}],"wp:attachment":[{"href":"https:\/\/visteteconvero.es\/index.php\/wp-json\/wp\/v2\/media?parent=12624"}],"wp:term":[{"taxonomy":"product_brand","embeddable":true,"href":"https:\/\/visteteconvero.es\/index.php\/wp-json\/wp\/v2\/product_brand?post=12624"},{"taxonomy":"product_cat","embeddable":true,"href":"https:\/\/visteteconvero.es\/index.php\/wp-json\/wp\/v2\/product_cat?post=12624"},{"taxonomy":"product_tag","embeddable":true,"href":"https:\/\/visteteconvero.es\/index.php\/wp-json\/wp\/v2\/product_tag?post=12624"}],"curies":[{"name":"wp","href":"https:\/\/api.w.org\/{rel}","templated":true}]}}