{"id":12401,"date":"2026-03-14T13:10:33","date_gmt":"2026-03-14T12:10:33","guid":{"rendered":"https:\/\/visteteconvero.es\/?post_type=product&#038;p=12401"},"modified":"2026-04-12T22:25:31","modified_gmt":"2026-04-12T20:25:31","slug":"calcetin-tobillero-tonos-marrones-x3","status":"publish","type":"product","link":"https:\/\/visteteconvero.es\/index.php\/product\/calcetin-tobillero-tonos-marrones-x3\/","title":{"rendered":"CALCETIN TOBILLERO TONOS MARRONES x3"},"content":{"rendered":"<p><span style=\"color: #0000ff;\"><strong>Calcet\u00edn tobillero<\/strong><\/span><\/p>\n<p>Pack de 3, surtidos &#8211; Talla 35 a 40.<\/p>\n<p data-pm-slice=\"1 1 []\"><strong>Calcetines tobilleros mujer \u2013 Pack salvaje en tonos tierra.<\/strong><\/p>\n<p>Los <strong>Calcetines tobilleros<\/strong> llegan para llenar de calidez y estilo tus looks m\u00e1s casuales. Presentados en un <strong>pack de 3 unidades aleatorias<\/strong>, cada calcet\u00edn luce un estampado diferente de <strong>animales<\/strong> en c\u00e1lidos <strong>tonos tierra<\/strong> (marrones, beiges y ocres) que aportan un toque natural y acogedor a tus pies.<\/p>\n<p><strong>Caracter\u00edsticas t\u00e9cnicas:<\/strong><\/p>\n<ul>\n<li><strong>Dise\u00f1o:<\/strong> Tobillero con estampados variados de animales en tonos tierra (modelos surtidos aleatorios).<\/li>\n<li><strong>Pack:<\/strong> 3 unidades con dise\u00f1os diferentes.<\/li>\n<li><strong>Talla:<\/strong> \u00danica de <strong>35 a 40<\/strong>, pensada para mujer.<\/li>\n<li><strong>Composici\u00f3n:<\/strong> 85% Algod\u00f3n \u2013 10% Poli\u00e9ster \u2013 5% El\u00e1stico, que garantiza suavidad, transpirabilidad, durabilidad y un ajuste c\u00f3modo.<\/li>\n<li><strong>Estilo:<\/strong> Perfectos para looks casuales, d\u00edas de relax o para sumar un detalle natural y original a tus pies.<\/li>\n<\/ul>\n<p><em>Animales en tonos tierra, calidez para tus pies. El pack que conecta con la naturaleza.<\/em><\/p>\n","protected":false},"excerpt":{"rendered":"<p>Calcet\u00edn tobillero Pack de 3, surtidos &#8211; Talla 35 a 40. Calcetines tobilleros mujer \u2013 Pack salvaje en tonos tierra. Los Calcetines tobilleros llegan para llenar de calidez y estilo tus looks m\u00e1s casuales. Presentados en un pack de 3 unidades aleatorias, cada calcet\u00edn luce un estampado diferente de animales en c\u00e1lidos tonos tierra (marrones,&hellip;&nbsp;<a href=\"https:\/\/visteteconvero.es\/index.php\/product\/calcetin-tobillero-tonos-marrones-x3\/\" rel=\"bookmark\">Read More &raquo;<span class=\"screen-reader-text\">CALCETIN TOBILLERO TONOS MARRONES x3<\/span><\/a><\/p>\n","protected":false},"featured_media":12363,"comment_status":"open","ping_status":"closed","template":"","meta":{"neve_meta_sidebar":"","neve_meta_container":"","neve_meta_enable_content_width":"off","neve_meta_content_width":100,"neve_meta_title_alignment":"","neve_meta_author_avatar":"","neve_post_elements_order":"","neve_meta_disable_header":"","neve_meta_disable_footer":"","neve_meta_disable_title":"","neve_meta_reading_time":""},"product_brand":[],"product_cat":[223],"product_tag":[],"class_list":{"0":"post-12401","1":"product","2":"type-product","3":"status-publish","4":"has-post-thumbnail","6":"product_cat-complementos","8":"first","9":"instock","10":"shipping-taxable","11":"purchasable","12":"product-type-simple"},"_links":{"self":[{"href":"https:\/\/visteteconvero.es\/index.php\/wp-json\/wp\/v2\/product\/12401","targetHints":{"allow":["GET"]}}],"collection":[{"href":"https:\/\/visteteconvero.es\/index.php\/wp-json\/wp\/v2\/product"}],"about":[{"href":"https:\/\/visteteconvero.es\/index.php\/wp-json\/wp\/v2\/types\/product"}],"replies":[{"embeddable":true,"href":"https:\/\/visteteconvero.es\/index.php\/wp-json\/wp\/v2\/comments?post=12401"}],"wp:featuredmedia":[{"embeddable":true,"href":"https:\/\/visteteconvero.es\/index.php\/wp-json\/wp\/v2\/media\/12363"}],"wp:attachment":[{"href":"https:\/\/visteteconvero.es\/index.php\/wp-json\/wp\/v2\/media?parent=12401"}],"wp:term":[{"taxonomy":"product_brand","embeddable":true,"href":"https:\/\/visteteconvero.es\/index.php\/wp-json\/wp\/v2\/product_brand?post=12401"},{"taxonomy":"product_cat","embeddable":true,"href":"https:\/\/visteteconvero.es\/index.php\/wp-json\/wp\/v2\/product_cat?post=12401"},{"taxonomy":"product_tag","embeddable":true,"href":"https:\/\/visteteconvero.es\/index.php\/wp-json\/wp\/v2\/product_tag?post=12401"}],"curies":[{"name":"wp","href":"https:\/\/api.w.org\/{rel}","templated":true}]}}