{"id":12382,"date":"2026-03-14T12:59:13","date_gmt":"2026-03-14T11:59:13","guid":{"rendered":"https:\/\/visteteconvero.es\/?post_type=product&#038;p=12382"},"modified":"2026-04-12T22:24:57","modified_gmt":"2026-04-12T20:24:57","slug":"calcetin-tobillero-animales-x3","status":"publish","type":"product","link":"https:\/\/visteteconvero.es\/index.php\/product\/calcetin-tobillero-animales-x3\/","title":{"rendered":"CALCETIN TOBILLERO ANIMALES x3"},"content":{"rendered":"<p><span style=\"color: #0000ff;\"><strong>Calcet\u00edn tobillero<\/strong><\/span><\/p>\n<p>Pack de 3, surtidos &#8211; Talla 40 a 46.<\/p>\n<p data-pm-slice=\"1 1 []\"><strong>Calcetines tobilleros hombre \u2013 Pack salvaje de animales.<\/strong><\/p>\n<p>Los <strong>Calcetines tobilleros<\/strong> llegan para llenar de diversi\u00f3n y originalidad tus looks m\u00e1s casuales. Presentados en un <strong>pack de 3 unidades aleatorias<\/strong>, cada calcet\u00edn luce un estampado diferente de <strong>animales<\/strong> que aportar\u00e1 un toque de personalidad a tus pies.<\/p>\n<p><strong>Caracter\u00edsticas t\u00e9cnicas:<\/strong><\/p>\n<ul>\n<li><strong>Dise\u00f1o:<\/strong> Tobillero con estampados variados de animales (modelos surtidos aleatorios).<\/li>\n<li><strong>Pack:<\/strong> 3 unidades con dise\u00f1os diferentes.<\/li>\n<li><strong>Talla:<\/strong> \u00danica de <strong>40 a 46<\/strong>, pensada para hombre.<\/li>\n<li><strong>Estilo:<\/strong> Perfectos para looks casuales, deportivos o para sorprender con un detalle divertido y original.<\/li>\n<li><strong>Composici\u00f3n:<\/strong> 85% Algod\u00f3n \u2013 10% Poli\u00e9ster \u2013 5% El\u00e1stico, que garantiza suavidad, transpirabilidad, durabilidad y un ajuste c\u00f3modo.<\/li>\n<\/ul>\n<p><em>Animales en tus pies, diversi\u00f3n asegurada. El pack que ruge con estilo.<\/em><\/p>\n","protected":false},"excerpt":{"rendered":"<p>Calcet\u00edn tobillero Pack de 3, surtidos &#8211; Talla 40 a 46. Calcetines tobilleros hombre \u2013 Pack salvaje de animales. Los Calcetines tobilleros llegan para llenar de diversi\u00f3n y originalidad tus looks m\u00e1s casuales. Presentados en un pack de 3 unidades aleatorias, cada calcet\u00edn luce un estampado diferente de animales que aportar\u00e1 un toque de personalidad&hellip;&nbsp;<a href=\"https:\/\/visteteconvero.es\/index.php\/product\/calcetin-tobillero-animales-x3\/\" rel=\"bookmark\">Read More &raquo;<span class=\"screen-reader-text\">CALCETIN TOBILLERO ANIMALES x3<\/span><\/a><\/p>\n","protected":false},"featured_media":12374,"comment_status":"open","ping_status":"closed","template":"","meta":{"neve_meta_sidebar":"","neve_meta_container":"","neve_meta_enable_content_width":"off","neve_meta_content_width":100,"neve_meta_title_alignment":"","neve_meta_author_avatar":"","neve_post_elements_order":"","neve_meta_disable_header":"","neve_meta_disable_footer":"","neve_meta_disable_title":"","neve_meta_reading_time":""},"product_brand":[],"product_cat":[223],"product_tag":[],"class_list":{"0":"post-12382","1":"product","2":"type-product","3":"status-publish","4":"has-post-thumbnail","6":"product_cat-complementos","8":"first","9":"instock","10":"shipping-taxable","11":"purchasable","12":"product-type-simple"},"_links":{"self":[{"href":"https:\/\/visteteconvero.es\/index.php\/wp-json\/wp\/v2\/product\/12382","targetHints":{"allow":["GET"]}}],"collection":[{"href":"https:\/\/visteteconvero.es\/index.php\/wp-json\/wp\/v2\/product"}],"about":[{"href":"https:\/\/visteteconvero.es\/index.php\/wp-json\/wp\/v2\/types\/product"}],"replies":[{"embeddable":true,"href":"https:\/\/visteteconvero.es\/index.php\/wp-json\/wp\/v2\/comments?post=12382"}],"wp:featuredmedia":[{"embeddable":true,"href":"https:\/\/visteteconvero.es\/index.php\/wp-json\/wp\/v2\/media\/12374"}],"wp:attachment":[{"href":"https:\/\/visteteconvero.es\/index.php\/wp-json\/wp\/v2\/media?parent=12382"}],"wp:term":[{"taxonomy":"product_brand","embeddable":true,"href":"https:\/\/visteteconvero.es\/index.php\/wp-json\/wp\/v2\/product_brand?post=12382"},{"taxonomy":"product_cat","embeddable":true,"href":"https:\/\/visteteconvero.es\/index.php\/wp-json\/wp\/v2\/product_cat?post=12382"},{"taxonomy":"product_tag","embeddable":true,"href":"https:\/\/visteteconvero.es\/index.php\/wp-json\/wp\/v2\/product_tag?post=12382"}],"curies":[{"name":"wp","href":"https:\/\/api.w.org\/{rel}","templated":true}]}}