{"id":12380,"date":"2026-03-14T12:49:10","date_gmt":"2026-03-14T11:49:10","guid":{"rendered":"https:\/\/visteteconvero.es\/?post_type=product&#038;p=12380"},"modified":"2026-04-12T22:25:09","modified_gmt":"2026-04-12T20:25:09","slug":"calcetin-tobillero-banderitas-x3","status":"publish","type":"product","link":"https:\/\/visteteconvero.es\/index.php\/product\/calcetin-tobillero-banderitas-x3\/","title":{"rendered":"CALCETIN TOBILLERO BANDERITAS x3"},"content":{"rendered":"<p><span style=\"color: #0000ff;\"><strong>Calcet\u00edn tobillero<\/strong><\/span><\/p>\n<p>Pack de 3, surtidos &#8211; Talla 40 a 46.<\/p>\n<p data-pm-slice=\"1 1 []\"><strong>Calcet\u00edn tobillero banderitas \u2013 Estilo patri\u00f3tico para tus pies.<\/strong><\/p>\n<p>El <strong>Calcet\u00edn tobillero banderitas<\/strong> llega para aportar un toque de color y personalidad a tus looks m\u00e1s casuales. Presentado en un pr\u00e1ctico <strong>pack de 3 unidades surtidas<\/strong>, cada calcet\u00edn luce un dise\u00f1o diferente de <strong>banderitas<\/strong> que alegrar\u00e1 cualquier outfit.<\/p>\n<p><strong>Caracter\u00edsticas t\u00e9cnicas:<\/strong><\/p>\n<ul>\n<li><strong>Dise\u00f1o:<\/strong> Tobillero con estampado de banderitas en diferentes combinaciones (pack surtido de 3 modelos).<\/li>\n<li><strong>Talla:<\/strong> \u00danica de <strong>40 a 46<\/strong>, pensada para hombre.<\/li>\n<li><strong>Composici\u00f3n:<\/strong> 98% Algod\u00f3n \u2013 2% El\u00e1stico, que garantiza suavidad, transpirabilidad y un ajuste c\u00f3modo.<\/li>\n<li><strong>Estilo:<\/strong> Perfecto para looks casuales, deportivos o para sumar un detalle divertido y original a tus pies.<\/li>\n<\/ul>\n<p><em>Banderitas que marcan estilo. El calcet\u00edn que lleva el esp\u00edritu festivo contigo.<\/em><\/p>\n","protected":false},"excerpt":{"rendered":"<p>Calcet\u00edn tobillero Pack de 3, surtidos &#8211; Talla 40 a 46. Calcet\u00edn tobillero banderitas \u2013 Estilo patri\u00f3tico para tus pies. El Calcet\u00edn tobillero banderitas llega para aportar un toque de color y personalidad a tus looks m\u00e1s casuales. Presentado en un pr\u00e1ctico pack de 3 unidades surtidas, cada calcet\u00edn luce un dise\u00f1o diferente de banderitas&hellip;&nbsp;<a href=\"https:\/\/visteteconvero.es\/index.php\/product\/calcetin-tobillero-banderitas-x3\/\" rel=\"bookmark\">Read More &raquo;<span class=\"screen-reader-text\">CALCETIN TOBILLERO BANDERITAS x3<\/span><\/a><\/p>\n","protected":false},"featured_media":12322,"comment_status":"open","ping_status":"closed","template":"","meta":{"neve_meta_sidebar":"","neve_meta_container":"","neve_meta_enable_content_width":"off","neve_meta_content_width":100,"neve_meta_title_alignment":"","neve_meta_author_avatar":"","neve_post_elements_order":"","neve_meta_disable_header":"","neve_meta_disable_footer":"","neve_meta_disable_title":"","neve_meta_reading_time":""},"product_brand":[],"product_cat":[223],"product_tag":[],"class_list":{"0":"post-12380","1":"product","2":"type-product","3":"status-publish","4":"has-post-thumbnail","6":"product_cat-complementos","8":"first","9":"instock","10":"shipping-taxable","11":"purchasable","12":"product-type-simple"},"_links":{"self":[{"href":"https:\/\/visteteconvero.es\/index.php\/wp-json\/wp\/v2\/product\/12380","targetHints":{"allow":["GET"]}}],"collection":[{"href":"https:\/\/visteteconvero.es\/index.php\/wp-json\/wp\/v2\/product"}],"about":[{"href":"https:\/\/visteteconvero.es\/index.php\/wp-json\/wp\/v2\/types\/product"}],"replies":[{"embeddable":true,"href":"https:\/\/visteteconvero.es\/index.php\/wp-json\/wp\/v2\/comments?post=12380"}],"wp:featuredmedia":[{"embeddable":true,"href":"https:\/\/visteteconvero.es\/index.php\/wp-json\/wp\/v2\/media\/12322"}],"wp:attachment":[{"href":"https:\/\/visteteconvero.es\/index.php\/wp-json\/wp\/v2\/media?parent=12380"}],"wp:term":[{"taxonomy":"product_brand","embeddable":true,"href":"https:\/\/visteteconvero.es\/index.php\/wp-json\/wp\/v2\/product_brand?post=12380"},{"taxonomy":"product_cat","embeddable":true,"href":"https:\/\/visteteconvero.es\/index.php\/wp-json\/wp\/v2\/product_cat?post=12380"},{"taxonomy":"product_tag","embeddable":true,"href":"https:\/\/visteteconvero.es\/index.php\/wp-json\/wp\/v2\/product_tag?post=12380"}],"curies":[{"name":"wp","href":"https:\/\/api.w.org\/{rel}","templated":true}]}}