{"id":11898,"date":"2026-02-14T22:15:02","date_gmt":"2026-02-14T21:15:02","guid":{"rendered":"https:\/\/visteteconvero.es\/?post_type=product&#038;p=11898"},"modified":"2026-04-06T17:49:02","modified_gmt":"2026-04-06T15:49:02","slug":"perfume-manasik-al-baraka-pistachio-abiyad-formato-de-100-ml","status":"publish","type":"product","link":"https:\/\/visteteconvero.es\/index.php\/product\/perfume-manasik-al-baraka-pistachio-abiyad-formato-de-100-ml\/","title":{"rendered":"PERFUMES MANASIK &#8211; Pistachio \/ Abiyad"},"content":{"rendered":"<ul>\n<li data-pm-slice=\"1 1 []\"><span style=\"color: #800080;\"><strong>AL BARAKA PISTACHIO \u2013 El placer hecho fragancia.<\/strong><\/span>\n<ul>\n<li data-pm-slice=\"1 1 []\">Una delicia gourmand que abre el apetito sensorial. Su salida es una explosi\u00f3n cremosa de pistacho, helado, avellana y cardamomo, endulzada con bergamota. En el coraz\u00f3n, un ramillete floral y afrutado de lirio, pera, jazm\u00edn, peon\u00eda, geranio, frambuesa y melocot\u00f3n blanco aporta frescura y equilibrio. El fondo es una indulgencia pura: nata montada, nubes, algod\u00f3n de az\u00facar, haba tonka, cacao, s\u00e1ndalo y cedro. Adictiva, dulce y lujosa.\n<ul>\n<li data-pm-slice=\"1 1 []\"><strong>Car\u00e1cter:<\/strong> Gourmand, cremoso, dulce, irresistible.<\/li>\n<\/ul>\n<\/li>\n<\/ul>\n<\/li>\n<\/ul>\n<ul>\n<li><span style=\"color: #800080;\"><strong>ABIYAD \u2013 La pureza en su m\u00e1xima expresi\u00f3n.<\/strong><\/span>\n<ul>\n<li>Una fragancia que evoca la claridad y la serenidad en estado puro. Abre con notas limpias y frescas que transmiten luminosidad inmediata. Su coraz\u00f3n despliega una delicada combinaci\u00f3n de flores blancas y especias suaves, perfectamente equilibradas. El fondo, c\u00e1lido y aterciopelado, reposa sobre musc blanco, \u00e1mbar y maderas suaves que dejan un rasto sutil y elegante. Para quien busca una firma olfativa minimalista pero con alma.\n<ul>\n<li><strong>Car\u00e1cter:<\/strong> Limpio, fresco, floral, aterciopelado.<\/li>\n<\/ul>\n<\/li>\n<\/ul>\n<\/li>\n<\/ul>\n<p>Formato de 100 ml.<\/p>\n<p>&nbsp;<\/p>\n","protected":false},"excerpt":{"rendered":"<p>AL BARAKA PISTACHIO \u2013 El placer hecho fragancia. Una delicia gourmand que abre el apetito sensorial. Su salida es una explosi\u00f3n cremosa de pistacho, helado, avellana y cardamomo, endulzada con bergamota. En el coraz\u00f3n, un ramillete floral y afrutado de lirio, pera, jazm\u00edn, peon\u00eda, geranio, frambuesa y melocot\u00f3n blanco aporta frescura y equilibrio. El fondo&hellip;&nbsp;<a href=\"https:\/\/visteteconvero.es\/index.php\/product\/perfume-manasik-al-baraka-pistachio-abiyad-formato-de-100-ml\/\" rel=\"bookmark\">Read More &raquo;<span class=\"screen-reader-text\">PERFUMES MANASIK &#8211; Pistachio \/ Abiyad<\/span><\/a><\/p>\n","protected":false},"featured_media":12649,"comment_status":"open","ping_status":"closed","template":"","meta":{"neve_meta_sidebar":"","neve_meta_container":"","neve_meta_enable_content_width":"off","neve_meta_content_width":100,"neve_meta_title_alignment":"","neve_meta_author_avatar":"","neve_post_elements_order":"","neve_meta_disable_header":"","neve_meta_disable_footer":"","neve_meta_disable_title":"","neve_meta_reading_time":""},"product_brand":[],"product_cat":[220],"product_tag":[],"class_list":{"0":"post-11898","1":"product","2":"type-product","3":"status-publish","4":"has-post-thumbnail","6":"product_cat-beauty","8":"first","9":"instock","10":"shipping-taxable","11":"purchasable","12":"product-type-variable"},"_links":{"self":[{"href":"https:\/\/visteteconvero.es\/index.php\/wp-json\/wp\/v2\/product\/11898","targetHints":{"allow":["GET"]}}],"collection":[{"href":"https:\/\/visteteconvero.es\/index.php\/wp-json\/wp\/v2\/product"}],"about":[{"href":"https:\/\/visteteconvero.es\/index.php\/wp-json\/wp\/v2\/types\/product"}],"replies":[{"embeddable":true,"href":"https:\/\/visteteconvero.es\/index.php\/wp-json\/wp\/v2\/comments?post=11898"}],"wp:featuredmedia":[{"embeddable":true,"href":"https:\/\/visteteconvero.es\/index.php\/wp-json\/wp\/v2\/media\/12649"}],"wp:attachment":[{"href":"https:\/\/visteteconvero.es\/index.php\/wp-json\/wp\/v2\/media?parent=11898"}],"wp:term":[{"taxonomy":"product_brand","embeddable":true,"href":"https:\/\/visteteconvero.es\/index.php\/wp-json\/wp\/v2\/product_brand?post=11898"},{"taxonomy":"product_cat","embeddable":true,"href":"https:\/\/visteteconvero.es\/index.php\/wp-json\/wp\/v2\/product_cat?post=11898"},{"taxonomy":"product_tag","embeddable":true,"href":"https:\/\/visteteconvero.es\/index.php\/wp-json\/wp\/v2\/product_tag?post=11898"}],"curies":[{"name":"wp","href":"https:\/\/api.w.org\/{rel}","templated":true}]}}