{"id":11880,"date":"2026-02-14T21:45:17","date_gmt":"2026-02-14T20:45:17","guid":{"rendered":"https:\/\/visteteconvero.es\/?post_type=product&#038;p=11880"},"modified":"2026-04-06T15:18:17","modified_gmt":"2026-04-06T13:18:17","slug":"fragancias-sensinity-2","status":"publish","type":"product","link":"https:\/\/visteteconvero.es\/index.php\/product\/fragancias-sensinity-2\/","title":{"rendered":"BLACK SKY de SENSINITY"},"content":{"rendered":"<p>\u2b50\ufe0f<strong>SENSINITY HOMBRE \u2013 vive una experiencia olfativas \u00fanicas.<\/strong><\/p>\n<ul>\n<li><strong>BLACK SKY<\/strong> evoca la profundidad de la noche. Toronja y acu\u00e1ticas en la salida, coraz\u00f3n especiado de cardamomo y canela, y fondo aterciopelado de vainilla, oud y almizcle. Para el hombre misterioso.<\/li>\n<\/ul>\n<p>&nbsp;<\/p>\n<p>&nbsp;<\/p>\n","protected":false},"excerpt":{"rendered":"<p>\u2b50\ufe0fSENSINITY HOMBRE \u2013 vive una experiencia olfativas \u00fanicas. BLACK SKY evoca la profundidad de la noche. Toronja y acu\u00e1ticas en la salida, coraz\u00f3n especiado de cardamomo y canela, y fondo aterciopelado de vainilla, oud y almizcle. Para el hombre misterioso. &nbsp; &nbsp;<\/p>\n","protected":false},"featured_media":12623,"comment_status":"open","ping_status":"closed","template":"","meta":{"neve_meta_sidebar":"","neve_meta_container":"","neve_meta_enable_content_width":"off","neve_meta_content_width":100,"neve_meta_title_alignment":"","neve_meta_author_avatar":"","neve_post_elements_order":"","neve_meta_disable_header":"","neve_meta_disable_footer":"","neve_meta_disable_title":"","neve_meta_reading_time":""},"product_brand":[],"product_cat":[220],"product_tag":[],"class_list":{"0":"post-11880","1":"product","2":"type-product","3":"status-publish","4":"has-post-thumbnail","6":"product_cat-beauty","8":"first","9":"instock","10":"shipping-taxable","11":"purchasable","12":"product-type-simple"},"_links":{"self":[{"href":"https:\/\/visteteconvero.es\/index.php\/wp-json\/wp\/v2\/product\/11880","targetHints":{"allow":["GET"]}}],"collection":[{"href":"https:\/\/visteteconvero.es\/index.php\/wp-json\/wp\/v2\/product"}],"about":[{"href":"https:\/\/visteteconvero.es\/index.php\/wp-json\/wp\/v2\/types\/product"}],"replies":[{"embeddable":true,"href":"https:\/\/visteteconvero.es\/index.php\/wp-json\/wp\/v2\/comments?post=11880"}],"wp:featuredmedia":[{"embeddable":true,"href":"https:\/\/visteteconvero.es\/index.php\/wp-json\/wp\/v2\/media\/12623"}],"wp:attachment":[{"href":"https:\/\/visteteconvero.es\/index.php\/wp-json\/wp\/v2\/media?parent=11880"}],"wp:term":[{"taxonomy":"product_brand","embeddable":true,"href":"https:\/\/visteteconvero.es\/index.php\/wp-json\/wp\/v2\/product_brand?post=11880"},{"taxonomy":"product_cat","embeddable":true,"href":"https:\/\/visteteconvero.es\/index.php\/wp-json\/wp\/v2\/product_cat?post=11880"},{"taxonomy":"product_tag","embeddable":true,"href":"https:\/\/visteteconvero.es\/index.php\/wp-json\/wp\/v2\/product_tag?post=11880"}],"curies":[{"name":"wp","href":"https:\/\/api.w.org\/{rel}","templated":true}]}}