{"id":11728,"date":"2026-02-08T12:07:59","date_gmt":"2026-02-08T11:07:59","guid":{"rendered":"https:\/\/visteteconvero.es\/?post_type=product&#038;p=11728"},"modified":"2026-04-08T23:16:02","modified_gmt":"2026-04-08T21:16:02","slug":"home-fragancia-prady-ambientadores","status":"publish","type":"product","link":"https:\/\/visteteconvero.es\/index.php\/product\/home-fragancia-prady-ambientadores\/","title":{"rendered":"MIKADO AMBIENTADORES PRADY"},"content":{"rendered":"<p data-start=\"0\" data-end=\"131\">Los <strong data-start=\"4\" data-end=\"37\">ambientadores mikado de Prady<\/strong> son la manera m\u00e1s elegante y sencilla de llenar tu hogar de <strong data-start=\"98\" data-end=\"122\">aromas irresistibles<\/strong> \ud83c\udf38\ud83c\udfe1\u2728.<\/p>\n<p data-start=\"133\" data-end=\"359\">Cada mikado ofrece una <strong data-start=\"156\" data-end=\"178\">fragancia duradera<\/strong>, dise\u00f1ada para perfumar espacios con estilo y sin esfuerzo. Perfectos para cualquier estancia, desde la sala hasta el ba\u00f1o, aportan un toque de frescura, confort y sofisticaci\u00f3n.<\/p>\n<p data-start=\"361\" data-end=\"532\">\ud83c\udf3a Con una <strong data-start=\"372\" data-end=\"394\">variedad de olores<\/strong> disponibles, puedes elegir entre aromas florales, frutales, dulces o frescos, adapt\u00e1ndose a tu estado de \u00e1nimo o al estilo de tu hogar.<\/p>\n<p data-start=\"534\" data-end=\"717\">El dise\u00f1o de los mikados permite una <strong data-start=\"571\" data-end=\"607\">difusi\u00f3n constante y equilibrada<\/strong> de la fragancia, creando un ambiente acogedor y agradable, mientras decoran con elegancia cualquier rinc\u00f3n.<\/p>\n<p data-start=\"719\" data-end=\"928\">\ud83d\udc96 Ideales para regalar o para darte un capricho, los mikados Prady son la combinaci\u00f3n perfecta de <strong data-start=\"818\" data-end=\"848\">aroma, est\u00e9tica y duraci\u00f3n<\/strong>, convirtiendo cada espacio en un lugar lleno de personalidad y bienestar. \u2728\ud83c\udfe1<\/p>\n","protected":false},"excerpt":{"rendered":"<p>Los ambientadores mikado de Prady son la manera m\u00e1s elegante y sencilla de llenar tu hogar de aromas irresistibles \ud83c\udf38\ud83c\udfe1\u2728. Cada mikado ofrece una fragancia duradera, dise\u00f1ada para perfumar espacios con estilo y sin esfuerzo. Perfectos para cualquier estancia, desde la sala hasta el ba\u00f1o, aportan un toque de frescura, confort y sofisticaci\u00f3n. \ud83c\udf3a Con&hellip;&nbsp;<a href=\"https:\/\/visteteconvero.es\/index.php\/product\/home-fragancia-prady-ambientadores\/\" rel=\"bookmark\">Read More &raquo;<span class=\"screen-reader-text\">MIKADO AMBIENTADORES PRADY<\/span><\/a><\/p>\n","protected":false},"featured_media":12800,"comment_status":"open","ping_status":"closed","template":"","meta":{"neve_meta_sidebar":"","neve_meta_container":"","neve_meta_enable_content_width":"off","neve_meta_content_width":100,"neve_meta_title_alignment":"","neve_meta_author_avatar":"","neve_post_elements_order":"","neve_meta_disable_header":"","neve_meta_disable_footer":"","neve_meta_disable_title":"","neve_meta_reading_time":""},"product_brand":[],"product_cat":[223],"product_tag":[],"class_list":{"0":"post-11728","1":"product","2":"type-product","3":"status-publish","4":"has-post-thumbnail","6":"product_cat-complementos","8":"first","9":"instock","10":"shipping-taxable","11":"purchasable","12":"product-type-variable"},"_links":{"self":[{"href":"https:\/\/visteteconvero.es\/index.php\/wp-json\/wp\/v2\/product\/11728","targetHints":{"allow":["GET"]}}],"collection":[{"href":"https:\/\/visteteconvero.es\/index.php\/wp-json\/wp\/v2\/product"}],"about":[{"href":"https:\/\/visteteconvero.es\/index.php\/wp-json\/wp\/v2\/types\/product"}],"replies":[{"embeddable":true,"href":"https:\/\/visteteconvero.es\/index.php\/wp-json\/wp\/v2\/comments?post=11728"}],"wp:featuredmedia":[{"embeddable":true,"href":"https:\/\/visteteconvero.es\/index.php\/wp-json\/wp\/v2\/media\/12800"}],"wp:attachment":[{"href":"https:\/\/visteteconvero.es\/index.php\/wp-json\/wp\/v2\/media?parent=11728"}],"wp:term":[{"taxonomy":"product_brand","embeddable":true,"href":"https:\/\/visteteconvero.es\/index.php\/wp-json\/wp\/v2\/product_brand?post=11728"},{"taxonomy":"product_cat","embeddable":true,"href":"https:\/\/visteteconvero.es\/index.php\/wp-json\/wp\/v2\/product_cat?post=11728"},{"taxonomy":"product_tag","embeddable":true,"href":"https:\/\/visteteconvero.es\/index.php\/wp-json\/wp\/v2\/product_tag?post=11728"}],"curies":[{"name":"wp","href":"https:\/\/api.w.org\/{rel}","templated":true}]}}