{"id":21,"date":"2024-01-23T19:44:02","date_gmt":"2024-01-23T18:44:02","guid":{"rendered":"https:\/\/fresadecolores.com\/index.php\/about\/"},"modified":"2025-03-23T10:41:51","modified_gmt":"2025-03-23T09:41:51","slug":"about","status":"publish","type":"page","link":"https:\/\/visteteconvero.es\/index.php\/about\/","title":{"rendered":"About"},"content":{"rendered":"\t\t<div data-elementor-type=\"wp-page\" data-elementor-id=\"21\" class=\"elementor elementor-21\" data-elementor-post-type=\"page\">\n\t\t\t\t\t\t<section class=\"elementor-section elementor-top-section elementor-element elementor-element-01ddcd1 elementor-section-boxed elementor-section-height-default elementor-section-height-default\" data-id=\"01ddcd1\" data-element_type=\"section\" data-settings=\"{&quot;background_background&quot;:&quot;classic&quot;}\">\n\t\t\t\t\t\t<div class=\"elementor-container elementor-column-gap-default\">\n\t\t\t\t\t<div class=\"elementor-column elementor-col-100 elementor-top-column elementor-element elementor-element-97184f5\" data-id=\"97184f5\" data-element_type=\"column\" data-settings=\"{&quot;background_background&quot;:&quot;classic&quot;}\">\n\t\t\t<div class=\"elementor-widget-wrap elementor-element-populated\">\n\t\t\t\t\t\t<div class=\"elementor-element elementor-element-3dfb175 elementor-widget elementor-widget-heading\" data-id=\"3dfb175\" data-element_type=\"widget\" data-widget_type=\"heading.default\">\n\t\t\t\t<div class=\"elementor-widget-container\">\n\t\t\t\t\t<h1 class=\"elementor-heading-title elementor-size-default\">Sobre VcV<\/h1>\t\t\t\t<\/div>\n\t\t\t\t<\/div>\n\t\t\t\t\t<\/div>\n\t\t<\/div>\n\t\t\t\t\t<\/div>\n\t\t<\/section>\n\t\t\t\t<section class=\"elementor-section elementor-top-section elementor-element elementor-element-4a1b1d5 elementor-section-boxed elementor-section-height-default elementor-section-height-default\" data-id=\"4a1b1d5\" data-element_type=\"section\" data-settings=\"{&quot;background_background&quot;:&quot;classic&quot;}\">\n\t\t\t\t\t\t<div class=\"elementor-container elementor-column-gap-default\">\n\t\t\t\t\t<div class=\"elementor-column elementor-col-50 elementor-top-column elementor-element elementor-element-a405b9c\" data-id=\"a405b9c\" data-element_type=\"column\">\n\t\t\t<div class=\"elementor-widget-wrap elementor-element-populated\">\n\t\t\t\t\t\t<div class=\"elementor-element elementor-element-c5b3205 elementor-widget elementor-widget-heading\" data-id=\"c5b3205\" data-element_type=\"widget\" data-widget_type=\"heading.default\">\n\t\t\t\t<div class=\"elementor-widget-container\">\n\t\t\t\t\t<h2 class=\"elementor-heading-title elementor-size-default\">Mi Historia<\/h2>\t\t\t\t<\/div>\n\t\t\t\t<\/div>\n\t\t\t\t<div class=\"elementor-element elementor-element-3d3132b elementor-widget elementor-widget-text-editor\" data-id=\"3d3132b\" data-element_type=\"widget\" data-widget_type=\"text-editor.default\">\n\t\t\t\t<div class=\"elementor-widget-container\">\n\t\t\t\t\t\t\t\t\t<div>En 2024, se me cerr\u00f3 una puerta, pero con ello lleg\u00f3 la posibilidad de abrir una propia. Despu\u00e9s de mucho pensarlo y con el apoyo incondicional de mi marido, decid\u00ed dar un giro a mi vida y emprender en lo que siempre me ha apasionado: la moda curvy. Durante a\u00f1os, not\u00e9 la falta de opciones modernas y estilosas para cuerpos reales, as\u00ed que cre\u00e9 mi propia tienda online con la misi\u00f3n de ofrecer ropa que no solo se ajuste bien, sino que haga sentir incre\u00edble a quien la use.<\/div><div>No ha sido un camino f\u00e1cil, pero cada obst\u00e1culo ha sido un impulso para crecer. Desde la selecci\u00f3n de prendas hasta la construcci\u00f3n de una comunidad de mujeres seguras y empoderadas, cada paso ha valido la pena. Mi meta es llevar esta tienda a lo m\u00e1s alto, demostrando que la moda no tiene tallas limitadas y que todas merecemos vestir con estilo y confianza. Hoy, miro hacia adelante con determinaci\u00f3n, sabiendo que este sue\u00f1o apenas comienza.<\/div>\t\t\t\t\t\t\t\t<\/div>\n\t\t\t\t<\/div>\n\t\t\t\t\t<\/div>\n\t\t<\/div>\n\t\t\t\t<div class=\"elementor-column elementor-col-50 elementor-top-column elementor-element elementor-element-1986fb8\" data-id=\"1986fb8\" data-element_type=\"column\">\n\t\t\t<div class=\"elementor-widget-wrap elementor-element-populated\">\n\t\t\t\t\t\t<div class=\"elementor-element elementor-element-9b59f79 elementor-widget elementor-widget-image\" data-id=\"9b59f79\" data-element_type=\"widget\" data-widget_type=\"image.default\">\n\t\t\t\t<div class=\"elementor-widget-container\">\n\t\t\t\t\t\t\t\t\t\t\t\t\t\t\t<img fetchpriority=\"high\" decoding=\"async\" width=\"768\" height=\"1024\" src=\"https:\/\/visteteconvero.es\/wp-content\/uploads\/2025\/03\/thumbnail_IMG_0958-768x1024.jpg\" class=\"attachment-large size-large wp-image-2525\" alt=\"\" srcset=\"https:\/\/visteteconvero.es\/wp-content\/uploads\/2025\/03\/thumbnail_IMG_0958-768x1024.jpg 768w, https:\/\/visteteconvero.es\/wp-content\/uploads\/2025\/03\/thumbnail_IMG_0958-400x533.jpg 400w, https:\/\/visteteconvero.es\/wp-content\/uploads\/2025\/03\/thumbnail_IMG_0958-64x85.jpg 64w, https:\/\/visteteconvero.es\/wp-content\/uploads\/2025\/03\/thumbnail_IMG_0958-225x300.jpg 225w, https:\/\/visteteconvero.es\/wp-content\/uploads\/2025\/03\/thumbnail_IMG_0958-1152x1536.jpg 1152w, https:\/\/visteteconvero.es\/wp-content\/uploads\/2025\/03\/thumbnail_IMG_0958.jpg 1440w\" sizes=\"(max-width: 768px) 100vw, 768px\" \/>\t\t\t\t\t\t\t\t\t\t\t\t\t\t\t<\/div>\n\t\t\t\t<\/div>\n\t\t\t\t\t<\/div>\n\t\t<\/div>\n\t\t\t\t\t<\/div>\n\t\t<\/section>\n\t\t\t\t<\/div>\n\t\t","protected":false},"excerpt":{"rendered":"<p>Sobre VcV Mi Historia En 2024, se me cerr\u00f3 una puerta, pero con ello lleg\u00f3 la posibilidad de abrir una propia. Despu\u00e9s de mucho pensarlo y con el apoyo incondicional de mi marido, decid\u00ed dar un giro a mi vida y emprender en lo que siempre me ha apasionado: la moda curvy. Durante a\u00f1os, not\u00e9&hellip;&nbsp;<a href=\"https:\/\/visteteconvero.es\/index.php\/about\/\" rel=\"bookmark\">Read More &raquo;<span class=\"screen-reader-text\">About<\/span><\/a><\/p>\n","protected":false},"author":4,"featured_media":0,"parent":0,"menu_order":0,"comment_status":"closed","ping_status":"closed","template":"page-templates\/template-pagebuilder-full-width.php","meta":{"neve_meta_sidebar":"","neve_meta_container":"","neve_meta_enable_content_width":"","neve_meta_content_width":0,"neve_meta_title_alignment":"","neve_meta_author_avatar":"","neve_post_elements_order":"","neve_meta_disable_header":"","neve_meta_disable_footer":"","neve_meta_disable_title":"","neve_meta_reading_time":"","footnotes":""},"class_list":["post-21","page","type-page","status-publish","hentry"],"_links":{"self":[{"href":"https:\/\/visteteconvero.es\/index.php\/wp-json\/wp\/v2\/pages\/21","targetHints":{"allow":["GET"]}}],"collection":[{"href":"https:\/\/visteteconvero.es\/index.php\/wp-json\/wp\/v2\/pages"}],"about":[{"href":"https:\/\/visteteconvero.es\/index.php\/wp-json\/wp\/v2\/types\/page"}],"author":[{"embeddable":true,"href":"https:\/\/visteteconvero.es\/index.php\/wp-json\/wp\/v2\/users\/4"}],"replies":[{"embeddable":true,"href":"https:\/\/visteteconvero.es\/index.php\/wp-json\/wp\/v2\/comments?post=21"}],"version-history":[{"count":3,"href":"https:\/\/visteteconvero.es\/index.php\/wp-json\/wp\/v2\/pages\/21\/revisions"}],"predecessor-version":[{"id":2529,"href":"https:\/\/visteteconvero.es\/index.php\/wp-json\/wp\/v2\/pages\/21\/revisions\/2529"}],"wp:attachment":[{"href":"https:\/\/visteteconvero.es\/index.php\/wp-json\/wp\/v2\/media?parent=21"}],"curies":[{"name":"wp","href":"https:\/\/api.w.org\/{rel}","templated":true}]}}