{"id":1116,"date":"2024-02-19T23:21:00","date_gmt":"2024-02-19T22:21:00","guid":{"rendered":"https:\/\/fresadecolores.com\/?page_id=1116"},"modified":"2025-02-12T12:26:02","modified_gmt":"2025-02-12T11:26:02","slug":"politica-de-privacidad","status":"publish","type":"page","link":"https:\/\/visteteconvero.es\/index.php\/politica-de-privacidad\/","title":{"rendered":"POLITICA DE PRIVACIDAD"},"content":{"rendered":"\t\t<div data-elementor-type=\"wp-page\" data-elementor-id=\"1116\" class=\"elementor elementor-1116\" data-elementor-post-type=\"page\">\n\t\t\t\t<div class=\"elementor-element elementor-element-10ccf0b e-flex e-con-boxed e-con e-parent\" data-id=\"10ccf0b\" data-element_type=\"container\">\n\t\t\t\t\t<div class=\"e-con-inner\">\n\t\t\t\t<div class=\"elementor-element elementor-element-e3bd0eb elementor-widget elementor-widget-spacer\" data-id=\"e3bd0eb\" data-element_type=\"widget\" data-widget_type=\"spacer.default\">\n\t\t\t\t<div class=\"elementor-widget-container\">\n\t\t\t\t\t\t\t<div class=\"elementor-spacer\">\n\t\t\t<div class=\"elementor-spacer-inner\"><\/div>\n\t\t<\/div>\n\t\t\t\t\t\t<\/div>\n\t\t\t\t<\/div>\n\t\t\t\t<div class=\"elementor-element elementor-element-2f04f18 elementor-widget elementor-widget-text-editor\" data-id=\"2f04f18\" data-element_type=\"widget\" data-widget_type=\"text-editor.default\">\n\t\t\t\t<div class=\"elementor-widget-container\">\n\t\t\t\t\t\t\t\t\t<h2><span style=\"font-weight: 400;\">POL\u00cdTICA DE PRIVACIDAD<\/span><\/h2>\n<p><span style=\"font-weight: 400;\">En virtud de lo dispuesto en la Ley 15\/1999, de 13 de diciembre, de Protecci\u00f3n de Datos de Car\u00e1cter Personal, le informamos que mediante la cumplimentaci\u00f3n del presente formulario sus datos personales quedar\u00e1n incorporados y ser\u00e1n tratados en los ficheros titularidad de V\u00edstete con Vero<\/span><span style=\"font-weight: 400;\">, con el fin de gestionar, administrar y mantener los Servicios prestados y\/o contratados, as\u00ed como para mantenerle informado, incluso por medios electr\u00f3nicos, sobre cuestiones relativas a la actividad de la Compa\u00f1\u00eda y sus servicios.<\/span><\/p>\n<p><span style=\"font-weight: 400;\">Usted puede ejercer, en cualquier momento, los derechos de acceso, rectificaci\u00f3n, cancelaci\u00f3n y oposici\u00f3n de sus datos de car\u00e1cter personal mediante correo electr\u00f3nico dirigido a info@visteteconvero.es, adjuntado siempre una fotocopia de su D.N.I.<\/span><\/p>\n<h4><b>Cookies:<\/b><\/h4>\n<ol>\n<li style=\"font-weight: 400;\" aria-level=\"1\"><span style=\"font-weight: 400;\">Podemos recabar informaci\u00f3n sobre tu ordenador, incluido, en su caso, su direcci\u00f3n de IP, sistema operativo y tipo de navegador, para la administraci\u00f3n del sistema. Se trata de datos estad\u00edsticos sobre c\u00f3mo navegas por nuestro sitio Web.<\/span><\/li>\n<li style=\"font-weight: 400;\" aria-level=\"1\"><span style=\"font-weight: 400;\">Por la misma raz\u00f3n, podemos obtener informaci\u00f3n sobre tu uso general de Internet mediante un archivo de cookies que se almacena en el disco duro de tu ordenador. Las cookies contienen informaci\u00f3n que se transfiere al disco duro de tu ordenador.<\/span><\/li>\n<li style=\"font-weight: 400;\" aria-level=\"1\"><span style=\"font-weight: 400;\">Las cookies nos ayudan a mejorar nuestro sitio Web y a prestar un servicio mejor y m\u00e1s personalizado. En concreto, nos permiten:<\/span>\n<ul>\n<li style=\"font-weight: 400;\" aria-level=\"2\"><span style=\"font-weight: 400;\">Hacer una estimaci\u00f3n sobre n\u00fameros y patrones de uso.<\/span><\/li>\n<li style=\"font-weight: 400;\" aria-level=\"2\"><span style=\"font-weight: 400;\">Almacenar informaci\u00f3n acerca de tus preferencias y personalizar nuestro sitio web de conformidad con tus intereses individuales.<\/span><\/li>\n<li style=\"font-weight: 400;\" aria-level=\"2\"><span style=\"font-weight: 400;\">Acelerar tus b\u00fasquedas.<\/span><\/li>\n<li style=\"font-weight: 400;\" aria-level=\"2\"><span style=\"font-weight: 400;\">Reconocerte cuando regreses de nuevo a nuestro sitio.<\/span><\/li>\n<\/ul>\n<\/li>\n<li style=\"font-weight: 400;\" aria-level=\"1\"><span style=\"font-weight: 400;\">Puedes negarte a aceptar cookies activando la configuraci\u00f3n en tu navegador que permite rechazar las cookies. No obstante, si seleccionas esta configuraci\u00f3n, quiz\u00e1s no puedas acceder a determinadas partes del Sitio Web o no puedas aprovecharte de alguno de nuestros servicios. A menos que hayas ajustado la configuraci\u00f3n de tu navegador de forma que rechace cookies, nuestro sistema producir\u00e1 cookies cuando te conectes a nuestro sitio.<\/span><\/li>\n<\/ol>\t\t\t\t\t\t\t\t<\/div>\n\t\t\t\t<\/div>\n\t\t\t\t<div class=\"elementor-element elementor-element-6a560d0 elementor-widget elementor-widget-spacer\" data-id=\"6a560d0\" data-element_type=\"widget\" data-widget_type=\"spacer.default\">\n\t\t\t\t<div class=\"elementor-widget-container\">\n\t\t\t\t\t\t\t<div class=\"elementor-spacer\">\n\t\t\t<div class=\"elementor-spacer-inner\"><\/div>\n\t\t<\/div>\n\t\t\t\t\t\t<\/div>\n\t\t\t\t<\/div>\n\t\t\t\t\t<\/div>\n\t\t\t\t<\/div>\n\t\t\t\t<\/div>\n\t\t","protected":false},"excerpt":{"rendered":"<p>POL\u00cdTICA DE PRIVACIDAD En virtud de lo dispuesto en la Ley 15\/1999, de 13 de diciembre, de Protecci\u00f3n de Datos de Car\u00e1cter Personal, le informamos que mediante la cumplimentaci\u00f3n del presente formulario sus datos personales quedar\u00e1n incorporados y ser\u00e1n tratados en los ficheros titularidad de V\u00edstete con Vero, con el fin de gestionar, administrar y&hellip;&nbsp;<a href=\"https:\/\/visteteconvero.es\/index.php\/politica-de-privacidad\/\" rel=\"bookmark\">Read More &raquo;<span class=\"screen-reader-text\">POLITICA DE PRIVACIDAD<\/span><\/a><\/p>\n","protected":false},"author":4,"featured_media":0,"parent":0,"menu_order":0,"comment_status":"closed","ping_status":"closed","template":"page-templates\/template-pagebuilder-full-width.php","meta":{"neve_meta_sidebar":"","neve_meta_container":"","neve_meta_enable_content_width":"","neve_meta_content_width":0,"neve_meta_title_alignment":"","neve_meta_author_avatar":"","neve_post_elements_order":"","neve_meta_disable_header":"","neve_meta_disable_footer":"","neve_meta_disable_title":"","neve_meta_reading_time":"","footnotes":""},"class_list":["post-1116","page","type-page","status-publish","hentry"],"_links":{"self":[{"href":"https:\/\/visteteconvero.es\/index.php\/wp-json\/wp\/v2\/pages\/1116","targetHints":{"allow":["GET"]}}],"collection":[{"href":"https:\/\/visteteconvero.es\/index.php\/wp-json\/wp\/v2\/pages"}],"about":[{"href":"https:\/\/visteteconvero.es\/index.php\/wp-json\/wp\/v2\/types\/page"}],"author":[{"embeddable":true,"href":"https:\/\/visteteconvero.es\/index.php\/wp-json\/wp\/v2\/users\/4"}],"replies":[{"embeddable":true,"href":"https:\/\/visteteconvero.es\/index.php\/wp-json\/wp\/v2\/comments?post=1116"}],"version-history":[{"count":3,"href":"https:\/\/visteteconvero.es\/index.php\/wp-json\/wp\/v2\/pages\/1116\/revisions"}],"predecessor-version":[{"id":2077,"href":"https:\/\/visteteconvero.es\/index.php\/wp-json\/wp\/v2\/pages\/1116\/revisions\/2077"}],"wp:attachment":[{"href":"https:\/\/visteteconvero.es\/index.php\/wp-json\/wp\/v2\/media?parent=1116"}],"curies":[{"name":"wp","href":"https:\/\/api.w.org\/{rel}","templated":true}]}}