{"id":1080,"date":"2024-02-19T16:28:48","date_gmt":"2024-02-19T15:28:48","guid":{"rendered":"https:\/\/fresadecolores.com\/?page_id=1080"},"modified":"2025-04-27T15:16:19","modified_gmt":"2025-04-27T13:16:19","slug":"condiciones-de-compra","status":"publish","type":"page","link":"https:\/\/visteteconvero.es\/index.php\/condiciones-de-compra\/","title":{"rendered":"CONDICIONES DE COMPRA"},"content":{"rendered":"\t\t<div data-elementor-type=\"wp-page\" data-elementor-id=\"1080\" class=\"elementor elementor-1080\" data-elementor-post-type=\"page\">\n\t\t\t\t<div class=\"elementor-element elementor-element-e2e7957 e-flex e-con-boxed e-con e-parent\" data-id=\"e2e7957\" data-element_type=\"container\">\n\t\t\t\t\t<div class=\"e-con-inner\">\n\t\t\t\t<div class=\"elementor-element elementor-element-6762775 elementor-widget elementor-widget-text-editor\" data-id=\"6762775\" data-element_type=\"widget\" data-widget_type=\"text-editor.default\">\n\t\t\t\t<div class=\"elementor-widget-container\">\n\t\t\t\t\t\t\t\t\t<h2><span style=\"font-weight: 400;\">CONDICIONES DE COMPRA<\/span><\/h2>\n<p><span style=\"font-weight: 400;\">Las presentes condiciones generales de contrataci\u00f3n se aplican a todas las transacciones comerciales realizadas en nuestra tienda virtual, <\/span><span style=\"font-weight: 400;\">https:\/\/visteteconvero.es<\/span><span style=\"font-weight: 400;\"> y https:\/\/visteteconvero.com , en adelante V\u00edstete con Vero<\/span><span style=\"color: var( --e-global-color-text ); font-family: var( --e-global-typography-text-font-family ), Sans-serif; background-color: var(--nv-site-bg); font-size: var(--bodyFontSize); letter-spacing: var(--bodyLetterSpacing); text-transform: var(--bodyTextTransform);\">&nbsp;. Para m\u00e1s informaci\u00f3n sobre&nbsp;<\/span>V\u00edstete con Vero<span style=\"background-color: var(--nv-site-bg); color: var( --e-global-color-text ); font-family: var( --e-global-typography-text-font-family ), Sans-serif; font-size: var(--bodyFontSize); letter-spacing: var(--bodyLetterSpacing); text-transform: var(--bodyTextTransform); font-weight: var( --e-global-typography-text-font-weight );\">&nbsp;y su Pol\u00edtica de Privacidad consulte el Aviso Legal alojado en el pie de cada p\u00e1gina de esta tienda.<\/span><\/p>\n<p><span style=\"font-weight: 400;\">Les rogamos que lean atentamente las presentes condiciones de compra y nuestra Pol\u00edtica de Privacidad antes de realizar el pedido. Si no est\u00e1 Usted de acuerdo con todas las Condiciones de Compra y con la Pol\u00edtica de Privacidad, no debe realizar ning\u00fan pedido.<\/span><\/p>\n<h3><b>IDENTIFICACI\u00d3N<\/b><\/h3>\n<p><span style=\"color: var( --e-global-color-text ); font-family: var( --e-global-typography-text-font-family ), Sans-serif; font-weight: var( --e-global-typography-text-font-weight ); text-align: var(--text-align); background-color: var(--nv-site-bg); font-size: var(--bodyfontsize); letter-spacing: var(--bodyletterspacing); text-transform: var(--bodytexttransform);\">V\u00edstete con Vero<\/span><span style=\"font-weight: 400;\">&nbsp;es una unidad de negocio domiciliada Parla- Madrid. Cualquier comunicaci\u00f3n se podr\u00e1 dirigir al domicilio social o la direcci\u00f3n de correo electr\u00f3nico info@visteteconvero.es<\/span><\/p>\n<h3><b>ACTIVIDAD<\/b><\/h3>\n<p><span style=\"color: var( --e-global-color-text ); font-family: var( --e-global-typography-text-font-family ), Sans-serif; font-weight: var( --e-global-typography-text-font-weight ); text-align: var(--text-align); background-color: var(--nv-site-bg); font-size: var(--bodyfontsize); letter-spacing: var(--bodyletterspacing); text-transform: var(--bodytexttransform);\">V\u00edstete con Vero<\/span><span style=\"font-weight: 400;\">&nbsp;se dedica a la venta a distancia y venta en tienda de productos y accesorios de moda y belleza.<\/span><\/p>\n<h3><b>CONTENIDOS E INFORMACI\u00d3N SUMINISTRADA EN EL WEBSITE<\/b><\/h3>\n<p><span style=\"color: var( --e-global-color-text ); font-family: var( --e-global-typography-text-font-family ), Sans-serif; font-weight: var( --e-global-typography-text-font-weight ); text-align: var(--text-align); background-color: var(--nv-site-bg); font-size: var(--bodyfontsize); letter-spacing: var(--bodyletterspacing); text-transform: var(--bodytexttransform);\">V\u00edstete con Vero<\/span><span style=\"font-weight: 400;\">&nbsp;se reserva el derecho a modificar la oferta comercial presentada en el website (modificaciones sobre productos, precios, promociones y otras condiciones comerciales y de servicio) en cualquier momento.&nbsp;<\/span>V\u00edstete con Vero<span style=\"font-weight: 400;\">&nbsp;hace todos los esfuerzos dentro de sus medios para ofrecer la informaci\u00f3n contenida en el website de forma veraz y sin errores tipogr\u00e1ficos. En el caso que en alg\u00fan momento se produjera alg\u00fan error de este tipo, ajeno en todo momento a la voluntad de&nbsp;<\/span><span style=\"color: var( --e-global-color-text ); font-family: var( --e-global-typography-text-font-family ), Sans-serif; font-weight: var( --e-global-typography-text-font-weight ); text-align: var(--text-align); background-color: var(--nv-site-bg); font-size: var(--bodyfontsize); letter-spacing: var(--bodyletterspacing); text-transform: var(--bodytexttransform);\">V\u00edstete con Vero<\/span><span style=\"color: var( --e-global-color-text ); font-family: var( --e-global-typography-text-font-family ), Sans-serif; text-align: var(--text-align); background-color: var(--nv-site-bg); font-size: var(--bodyfontsize); letter-spacing: var(--bodyletterspacing); text-transform: var(--bodytexttransform);\">, se proceder\u00eda inmediatamente a su correcci\u00f3n. De existir un error tipogr\u00e1fico en alguno de los precios mostrados y alg\u00fan cliente hubiera tomado una decisi\u00f3n de compra basada en dicho error,&nbsp;<\/span><span style=\"color: var( --e-global-color-text ); font-family: var( --e-global-typography-text-font-family ), Sans-serif; font-weight: var( --e-global-typography-text-font-weight ); text-align: var(--text-align); background-color: var(--nv-site-bg); font-size: var(--bodyfontsize); letter-spacing: var(--bodyletterspacing); text-transform: var(--bodytexttransform);\">V\u00edstete con Vero<\/span><span style=\"background-color: var(--nv-site-bg); color: var( --e-global-color-text ); font-family: var( --e-global-typography-text-font-family ), Sans-serif; font-size: var(--bodyfontsize); letter-spacing: var(--bodyletterspacing); text-align: var(--text-align); text-transform: var(--bodytexttransform); font-weight: var( --e-global-typography-text-font-weight );\">&nbsp;le comunicar\u00e1 al cliente dicho error y el cliente tendr\u00e1 derecho a rescindir su compra sin ning\u00fan coste por su parte.<\/span><\/p>\n<p><span style=\"font-weight: 400;\">Los contenidos del sitio web&nbsp;<\/span><span style=\"color: var( --e-global-color-text ); font-family: var( --e-global-typography-text-font-family ), Sans-serif; font-weight: var( --e-global-typography-text-font-weight ); text-align: var(--text-align); background-color: var(--nv-site-bg); font-size: var(--bodyfontsize); letter-spacing: var(--bodyletterspacing); text-transform: var(--bodytexttransform);\">V\u00edstete con Vero<\/span><span style=\"color: var( --e-global-color-text ); font-family: var( --e-global-typography-text-font-family ), Sans-serif; text-align: var(--text-align); background-color: var(--nv-site-bg); font-size: var(--bodyfontsize); letter-spacing: var(--bodyletterspacing); text-transform: var(--bodytexttransform);\">&nbsp;podr\u00edan, en ocasiones, mostrar informaci\u00f3n provisional sobre algunos productos. En el caso que la informaci\u00f3n facilitada no correspondiera a las caracter\u00edsticas del producto el cliente tendr\u00e1 derecho a rescindir su compra sin ning\u00fan coste por su parte.<\/span><\/p>\n<p><span style=\"color: var( --e-global-color-text ); font-family: var( --e-global-typography-text-font-family ), Sans-serif; font-weight: var( --e-global-typography-text-font-weight ); text-align: var(--text-align); background-color: var(--nv-site-bg); font-size: var(--bodyfontsize); letter-spacing: var(--bodyletterspacing); text-transform: var(--bodytexttransform);\">V\u00edstete con Vero<\/span><span style=\"font-weight: 400;\">&nbsp;no es responsable ni directa ni indirectamente de ninguna de las informaciones, contenidos, afirmaciones y expresiones que contengan los productos comercializados por&nbsp;<\/span><span style=\"color: var( --e-global-color-text ); font-family: var( --e-global-typography-text-font-family ), Sans-serif; font-weight: var( --e-global-typography-text-font-weight ); text-align: var(--text-align); background-color: var(--nv-site-bg); font-size: var(--bodyfontsize); letter-spacing: var(--bodyletterspacing); text-transform: var(--bodytexttransform);\">V\u00edstete con Vero<\/span><span style=\"color: var( --e-global-color-text ); font-family: var( --e-global-typography-text-font-family ), Sans-serif; text-align: var(--text-align); background-color: var(--nv-site-bg); font-size: var(--bodyfontsize); letter-spacing: var(--bodyletterspacing); text-transform: var(--bodytexttransform);\">. Dicha responsabilidad recae en todo momento en los fabricantes o distribuidores de dichos productos. El cliente entiende que&nbsp;<\/span><span style=\"color: var( --e-global-color-text ); font-family: var( --e-global-typography-text-font-family ), Sans-serif; font-weight: var( --e-global-typography-text-font-weight ); text-align: var(--text-align); background-color: var(--nv-site-bg); font-size: var(--bodyfontsize); letter-spacing: var(--bodyletterspacing); text-transform: var(--bodytexttransform);\">V\u00edstete con Vero<\/span><span style=\"background-color: var(--nv-site-bg); color: var( --e-global-color-text ); font-family: var( --e-global-typography-text-font-family ), Sans-serif; font-size: var(--bodyfontsize); letter-spacing: var(--bodyletterspacing); text-align: var(--text-align); text-transform: var(--bodytexttransform); font-weight: var( --e-global-typography-text-font-weight );\">&nbsp;es un mero intermediario entre \u00e9l y dicho fabricante o distribuidor.<\/span><\/p>\n<h3><b>SISTEMA DE VENTA<\/b><\/h3>\n<p><span style=\"font-weight: 400;\">Para realizar una compra, el usuario puede elegir entre diversas formas de hacernos llegar su pedido:<\/span><\/p>\n<ul>\n<li style=\"font-weight: 400;\" aria-level=\"1\"><span style=\"font-weight: 400;\">Internet a trav\u00e9s del \u00abcarrito de la compra\u00bb<\/span><\/li>\n<li style=\"font-weight: 400;\" aria-level=\"1\"><span style=\"font-weight: 400;\">Internet a trav\u00e9s del \u00abpedido off-line\u00bb<\/span><\/li>\n<li aria-level=\"1\"><span style=\"font-weight: 400;\">WhatsApp al&nbsp;<\/span>+34 610 92 20 11\n<\/li>\n<\/ul>\n<h3><b>IMPUESTOS APLICABLES<\/b><\/h3>\n<p><span style=\"font-weight: 400;\">Los precios de los productos expuestos en la p\u00e1gina web&nbsp;<\/span><span style=\"font-weight: 400;\">incluyen el Impuesto sobre el Valor A\u00f1adido (IVA) que, en su caso, sea procedente aplicar.<\/span><\/p>\n<h3><b>FORMA DE PAGO<\/b><\/h3>\n<p>Al formular el pedido, el cliente puede elegir libremente abonar las compras que realice mediante&nbsp; &nbsp;Bizum(los datos necesarios para los diferentes pagos aparecen en los pasos a seguir para abonar la compra. En determinados casos y para prevenir posibles fraudes, V\u00edstete con Vero se reserva la posibilidad de solicitar a un cliente una forma de pago concreta en el caso de que no se acredite fehacientemente la identidad del comprador. El sitio web utiliza t\u00e9cnicas de seguridad de la informaci\u00f3n generalmente aceptada en la industria, tales como firewalls, procedimientos de control de acceso y mecanismos criptogr\u00e1ficos, todo ello con el objeto de evitar el acceso no autorizado de datos. Para lograr estos fines, el usuario\/cliente acepta que el prestador obtenga datos para efecto de la correspondiente autenticaci\u00f3n de los controles de acceso. Todo proceso de contrataci\u00f3n o que conlleve la introducci\u00f3n de datos personales (salud, ideolog\u00eda,\u2026) ser\u00e1n siempre transmitidos mediante protocolo de comunicaci\u00f3n segura (HTTPS:\/\/) de tal forma que ning\u00fan tercero tenga acceso a la informaci\u00f3n transmitida v\u00eda electr\u00f3nica.<\/p>\n<h3><b>FORMA, GASTOS Y PLAZO DE ENV\u00cdO<\/b><\/h3>\n<p><span style=\"font-weight: 400;\">El cliente podr\u00e1 seleccionar la forma de env\u00edo de entre las posibles para su zona de env\u00edo. Deber\u00e1 tener en cuenta que los plazos de entrega, la calidad del servicio, el punto de entrega y el coste ser\u00e1 diferente para cada forma de transporte.<\/span><\/p>\n<p><span style=\"color: var( --e-global-color-text ); font-family: var( --e-global-typography-text-font-family ), Sans-serif; font-weight: var( --e-global-typography-text-font-weight ); text-align: var(--text-align); background-color: var(--nv-site-bg); font-size: var(--bodyfontsize); letter-spacing: var(--bodyletterspacing); text-transform: var(--bodytexttransform);\">V\u00edstete con Vero<\/span><span style=\"font-weight: 400;\">&nbsp;env\u00eda los pedidos a sus clientes a trav\u00e9s de diferentes empresas de transporte urgente de reconocido prestigio nacional e internacional. La fecha de entrega en el domicilio del cliente depende de la disponibilidad del producto escogido y de la zona de env\u00edo. Los plazos de transporte orientativos est\u00e1n disponibles en el apartado de nuestra web \u00abGastos de Env\u00edo\u00bb. Antes de confirmar su pedido se le informar\u00e1 al cliente sobre unos gastos de env\u00edo y plazos de transporte, ambos orientativos, que aplican a su pedido en concreto. No obstante, ambos podr\u00e1n variar en funci\u00f3n de las circunstancias concretas de cada pedido. En especial:<\/span><\/p>\n<ul>\n<li style=\"font-weight: 400;\" aria-level=\"1\"><span style=\"font-weight: 400;\">Los plazos de transporte se pueden ver alterados por incidencias extraordinarias en el transportista y por dificultades en la entrega de la mercanc\u00eda.<\/span><\/li>\n<li style=\"font-weight: 400;\" aria-level=\"1\"><span style=\"font-weight: 400;\">Los gastos de env\u00edo que aparecen en la web al realizar el pedido son orientativos y se calculan en base a un peso estad\u00edstico medio de 500 grs. V\u00edstete con Vero&nbsp;se reserva el derecho a alterar los costes de env\u00edo cuando el peso solicitados var\u00ede en m\u00e1s\/menos un 10% con respecto al peso medio mencionado. En caso de producirse una variaci\u00f3n de precio, V\u00edstete con Vero comunicar\u00e1 por medio de correo electr\u00f3nico al cliente la variaci\u00f3n y el cliente podr\u00e1 optar por anular su pedido sin que se le pueda imputar ning\u00fan coste.<\/span><\/li>\n<\/ul>\n<p><span style=\"font-weight: 400;\">&nbsp;<\/span><\/p>\n<h3><b>DERECHOS DEL COMPRADOR Y POL\u00cdTICA DE DEVOLUCIONES<\/b><\/h3>\n<p><span style=\"color: var( --e-global-color-text ); font-family: var( --e-global-typography-text-font-family ), Sans-serif; font-weight: var( --e-global-typography-text-font-weight ); text-align: var(--text-align); background-color: var(--nv-site-bg); font-size: var(--bodyfontsize); letter-spacing: var(--bodyletterspacing); text-transform: var(--bodytexttransform);\">V\u00edstete con Vero<\/span><span style=\"font-weight: 400;\">&nbsp;no garantiza a sus clientes la disponibilidad ni el plazo de entrega de los productos que se ofrecen en su sitio web excepto la de los productos en los que expresamente se cite una determinada garant\u00eda. El cat\u00e1logo que se muestra es meramente orientativo ya que los fabricantes o distribuidores no comunican anticipadamente las existencias ni garantizan plazos de entrega. Esta situaci\u00f3n impide a&nbsp;<\/span>V\u00edstete con Vero<span style=\"font-weight: 400;\">&nbsp;la posibilidad de informar con exactitud a sus clientes sobre la disponibilidad de los productos as\u00ed como a garantizar un plazo de entrega determinado que, en todo caso, depender\u00e1 del tiempo que tarde el fabricante o el distribuidor en suministrar el producto.<\/span><\/p>\n<p><span style=\"color: var( --e-global-color-text ); font-family: var( --e-global-typography-text-font-family ), Sans-serif; font-weight: var( --e-global-typography-text-font-weight ); text-align: var(--text-align); background-color: var(--nv-site-bg); font-size: var(--bodyfontsize); letter-spacing: var(--bodyletterspacing); text-transform: var(--bodytexttransform);\">V\u00edstete con Vero<\/span><span style=\"font-weight: 400;\">&nbsp;garantiza a sus clientes la posibilidad de anular su pedido en cualquier momento y sin ning\u00fan coste siempre que la anulaci\u00f3n se comunique antes de que el pedido haya sido puesto a disposici\u00f3n del transportista para su env\u00edo.<\/span><\/p>\n<p><span style=\"font-weight: 400;\">El cliente dispondr\u00e1 de un plazo de siete d\u00edas naturales desde la recepci\u00f3n del pedido para revisar si alguno de los productos vienen rotos o defectuosos en sus envases originales. Al ser productos consumibles de belleza y cosmetica no se acepta la devoluci\u00f3n ni cambio si el producto es manipulado o abierto de forma manual y no accidental. El cliente comunicar\u00e1 a V\u00edstete con Vero<\/span><span style=\"font-weight: 400;\">&nbsp;dentro del plazo estipulado por correo electr\u00f3nico a info@visteteconvero.es , su deseo de ejercitar el derecho de resoluci\u00f3n del contrato. El pedido devuelto deber\u00e1 ser entregado junto con el albar\u00e1n de entrega y en su caso factura emitida a&nbsp;<\/span>V\u00edstete con Vero<span style=\"font-weight: 400;\">, corriendo el Comprador con los gastos de env\u00edo de \u00e9sta devoluci\u00f3n.<\/span><\/p>\n<p><span style=\"font-weight: 400;\">Una vez recibido en&nbsp;<\/span>V\u00edstete con Vero<span style=\"font-weight: 400;\">, revisaremos el pedido y procederemos a la sustituci\u00f3n por otra unidad igual.&nbsp;<\/span><\/p>\n<p><span style=\"color: var( --e-global-color-text ); font-family: var( --e-global-typography-text-font-family ), Sans-serif; text-align: var(--text-align); background-color: var(--nv-site-bg); font-size: var(--bodyfontsize); letter-spacing: var(--bodyletterspacing); text-transform: var(--bodytexttransform);\">Los pedidos rebajadas o adquiridas en promoci\u00f3n, solo admiten cambio si se encuentran rotos o defectuosos y siempre por otros iguales.<\/span><\/p>\n<p><span style=\"font-weight: 400;\">La Comisi\u00f3n Europea facilita una plataforma de resoluci\u00f3n de litigios en l\u00ednea, la cual se encuentra disponible en el siguiente enlace: <\/span><a href=\"http:\/\/ec.europa.eu\/consumers\/odr\/\"><span style=\"font-weight: 400;\">http:\/\/ec.europa.eu\/consumers\/odr\/.<\/span><\/a><span style=\"font-weight: 400;\"> Los consumidores podr\u00e1n someter sus reclamaciones a trav\u00e9s de la plataforma de resoluci\u00f3n de litigios en l\u00ednea. Para cualquier incidencia relacionada con la devoluci\u00f3n de art\u00edculos de nuestra tienda puede contactar con nuestro Departamento de Atenci\u00f3n al cliente v\u00eda email: info@visteteconvero.es<\/span><\/p>\n<h3><b>OBLIGACIONES DEL CLIENTE<\/b><\/h3>\n<p><span style=\"font-weight: 400;\">El cliente de&nbsp;<\/span>V\u00edstete con Vero&nbsp;<span style=\"font-weight: 400;\">se compromete en todo momento a facilitar informaci\u00f3n veraz sobre los datos solicitados en los formularios de registro de usuario o de realizaci\u00f3n del pedido, y a mantenerlos actualizados en todo momento.<\/span><\/p>\n<p><span style=\"font-weight: 400;\">El cliente se compromete a aceptar todas las disposiciones y condiciones recogidas en las presentes Condiciones Generales de Contrataci\u00f3n entendiendo que recogen la mejor voluntad de servicio posible para el tipo de actividad que desarrolla&nbsp;<\/span>V\u00edstete con Vero<span style=\"font-weight: 400;\">.<\/span><\/p>\n<p><span style=\"font-weight: 400;\">Asimismo, se compromete a guardar de forma confidencial y con la m\u00e1xima diligencia sus claves de acceso personal a nuestro sitio web.<\/span><\/p>\n<h3><b>LEGISLACI\u00d3N APLICABLE Y JURISDICCI\u00d3N COMPETENTE<\/b><\/h3>\n<p><span style=\"font-weight: 400;\">Las compraventas realizadas con&nbsp;<\/span>V\u00edstete con Vero<span style=\"font-weight: 400;\">&nbsp;se someten a la legislaci\u00f3n de Espa\u00f1a.<\/span><\/p>\n<p><span style=\"font-weight: 400;\">En caso de cualquier conflicto o discrepancia, el fuero aplicable ser\u00e1 el de los Juzgados o Tribunales del comprador.<\/span><\/p>\t\t\t\t\t\t\t\t<\/div>\n\t\t\t\t<\/div>\n\t\t\t\t\t<\/div>\n\t\t\t\t<\/div>\n\t\t\t\t<\/div>\n\t\t","protected":false},"excerpt":{"rendered":"<p>CONDICIONES DE COMPRA Las presentes condiciones generales de contrataci\u00f3n se aplican a todas las transacciones comerciales realizadas en nuestra tienda virtual, https:\/\/visteteconvero.es y https:\/\/visteteconvero.com , en adelante V\u00edstete con Vero&nbsp;. Para m\u00e1s informaci\u00f3n sobre&nbsp;V\u00edstete con Vero&nbsp;y su Pol\u00edtica de Privacidad consulte el Aviso Legal alojado en el pie de cada p\u00e1gina de esta tienda. Les&hellip;&nbsp;<a href=\"https:\/\/visteteconvero.es\/index.php\/condiciones-de-compra\/\" rel=\"bookmark\">Read More &raquo;<span class=\"screen-reader-text\">CONDICIONES DE COMPRA<\/span><\/a><\/p>\n","protected":false},"author":4,"featured_media":0,"parent":0,"menu_order":0,"comment_status":"closed","ping_status":"closed","template":"page-templates\/template-pagebuilder-full-width.php","meta":{"neve_meta_sidebar":"","neve_meta_container":"","neve_meta_enable_content_width":"","neve_meta_content_width":0,"neve_meta_title_alignment":"","neve_meta_author_avatar":"","neve_post_elements_order":"","neve_meta_disable_header":"","neve_meta_disable_footer":"","neve_meta_disable_title":"","neve_meta_reading_time":"","footnotes":""},"class_list":["post-1080","page","type-page","status-publish","hentry"],"_links":{"self":[{"href":"https:\/\/visteteconvero.es\/index.php\/wp-json\/wp\/v2\/pages\/1080","targetHints":{"allow":["GET"]}}],"collection":[{"href":"https:\/\/visteteconvero.es\/index.php\/wp-json\/wp\/v2\/pages"}],"about":[{"href":"https:\/\/visteteconvero.es\/index.php\/wp-json\/wp\/v2\/types\/page"}],"author":[{"embeddable":true,"href":"https:\/\/visteteconvero.es\/index.php\/wp-json\/wp\/v2\/users\/4"}],"replies":[{"embeddable":true,"href":"https:\/\/visteteconvero.es\/index.php\/wp-json\/wp\/v2\/comments?post=1080"}],"version-history":[{"count":12,"href":"https:\/\/visteteconvero.es\/index.php\/wp-json\/wp\/v2\/pages\/1080\/revisions"}],"predecessor-version":[{"id":4068,"href":"https:\/\/visteteconvero.es\/index.php\/wp-json\/wp\/v2\/pages\/1080\/revisions\/4068"}],"wp:attachment":[{"href":"https:\/\/visteteconvero.es\/index.php\/wp-json\/wp\/v2\/media?parent=1080"}],"curies":[{"name":"wp","href":"https:\/\/api.w.org\/{rel}","templated":true}]}}