{"id":1069,"date":"2024-02-19T16:19:16","date_gmt":"2024-02-19T15:19:16","guid":{"rendered":"https:\/\/fresadecolores.com\/?page_id=1069"},"modified":"2025-02-12T14:22:51","modified_gmt":"2025-02-12T13:22:51","slug":"aviso-legal","status":"publish","type":"page","link":"https:\/\/visteteconvero.es\/index.php\/aviso-legal\/","title":{"rendered":"AVISO LEGAL"},"content":{"rendered":"\t\t<div data-elementor-type=\"wp-page\" data-elementor-id=\"1069\" class=\"elementor elementor-1069\" data-elementor-post-type=\"page\">\n\t\t\t\t<div class=\"elementor-element elementor-element-ee99546 e-flex e-con-boxed e-con e-parent\" data-id=\"ee99546\" data-element_type=\"container\">\n\t\t\t\t\t<div class=\"e-con-inner\">\n\t\t\t\t<div class=\"elementor-element elementor-element-614fdbf elementor-widget elementor-widget-text-editor\" data-id=\"614fdbf\" data-element_type=\"widget\" data-widget_type=\"text-editor.default\">\n\t\t\t\t<div class=\"elementor-widget-container\">\n\t\t\t\t\t\t\t\t\t<h2><span style=\"font-weight: 400;\">AVISO LEGAL<\/span><\/h2>\n<h3><b>INFORMACI\u00d3N GENERAL<\/b><\/h3>\n<p>Titular: Ver\u00f3nica Fern\u00e1ndez Fern\u00e1ndez, en adelante V\u00edstete con Vero<\/p>\n<p><span style=\"font-weight: 400;\">Direcci\u00f3n:&nbsp;<\/span><span style=\"text-align: var(--text-align); background-color: var(--nv-site-bg);\">Calle Planeta Neptuno 3,&nbsp;&nbsp;<\/span><span style=\"color: var( --e-global-color-text ); font-family: var( --e-global-typography-text-font-family ), Sans-serif; font-weight: var( --e-global-typography-text-font-weight ); text-align: var(--text-align); background-color: var(--nv-site-bg); font-size: var(--bodyfontsize); letter-spacing: var(--bodyletterspacing); text-transform: var(--bodytexttransform);\">28983&nbsp;<\/span><span style=\"color: var( --e-global-color-text ); font-family: var( --e-global-typography-text-font-family ), Sans-serif; font-weight: var( --e-global-typography-text-font-weight ); text-align: var(--text-align); font-size: var(--bodyfontsize); letter-spacing: var(--bodyletterspacing); text-transform: var(--bodytexttransform); background-color: var(--nv-site-bg);\">Parla (Madrid)<\/span><span style=\"color: var( --e-global-color-text ); font-family: var( --e-global-typography-text-font-family ), Sans-serif; text-align: var(--text-align); background-color: var(--nv-site-bg); font-size: var(--bodyfontsize); letter-spacing: var(--bodyletterspacing); text-transform: var(--bodytexttransform);\">.<\/span><\/p>\n<p><span style=\"font-weight: 400;\">Contacto: info@visteteconvero.es<\/span><\/p>\n<p><span style=\"color: var( --e-global-color-text ); font-family: var( --e-global-typography-text-font-family ), Sans-serif; font-weight: var( --e-global-typography-text-font-weight ); text-align: var(--text-align); background-color: var(--nv-site-bg); font-size: var(--bodyfontsize); letter-spacing: var(--bodyletterspacing); text-transform: var(--bodytexttransform);\">V\u00edstete con Vero<\/span><span style=\"color: var( --e-global-color-text ); font-family: var( --e-global-typography-text-font-family ), Sans-serif; text-align: var(--text-align); background-color: var(--nv-site-bg); font-size: var(--bodyfontsize); letter-spacing: var(--bodyletterspacing); text-transform: var(--bodytexttransform);\">&nbsp;no puede asumir ninguna responsabilidad derivada del uso incorrecto, inapropiado o il\u00edcito de la informaci\u00f3n aparecida en las p\u00e1ginas de Internet de&nbsp;<\/span>visteteconvero.es<span style=\"color: var( --e-global-color-text ); font-family: var( --e-global-typography-text-font-family ), Sans-serif; text-align: var(--text-align); background-color: var(--nv-site-bg); font-size: var(--bodyfontsize); letter-spacing: var(--bodyletterspacing); text-transform: var(--bodytexttransform);\">. Con los l\u00edmites establecidos en la ley,&nbsp;<\/span>V\u00edstete con Vero<span style=\"color: var( --e-global-color-text ); font-family: var( --e-global-typography-text-font-family ), Sans-serif; text-align: var(--text-align); background-color: var(--nv-site-bg); font-size: var(--bodyfontsize); letter-spacing: var(--bodyletterspacing); text-transform: var(--bodytexttransform);\">&nbsp;no asume ninguna responsabilidad derivada de la falta de veracidad, integridad, actualizaci\u00f3n y precisi\u00f3n de los datos o informaciones que se contienen en sus p\u00e1ginas de Internet.<\/span><\/p>\n<p><span style=\"font-weight: 400;\">Las p\u00e1ginas de Internet de&nbsp;<\/span>visteteconvero.es<span style=\"font-weight: 400;\">&nbsp;pueden contener enlaces (links) a otras p\u00e1ginas de terceras partes que&nbsp;<\/span>visteteconvero.es<span style=\"font-weight: 400;\">&nbsp;no puede controlar. Por lo tanto,&nbsp;<\/span>visteteconvero.es<span style=\"font-weight: 400;\">&nbsp;no puede asumir responsabilidades por el contenido que pueda aparecer en p\u00e1ginas de terceros. Resoluci\u00f3n de litigios en l\u00ednea conforme al Art. 14.1 del Reglamento (UE) 524\/2013 : La Comisi\u00f3n Europea facilita una plataforma de resoluci\u00f3n de litigios en l\u00ednea, la cual se encuentra disponible en el siguiente enlace: <\/span><a href=\"http:\/\/ec.europa.eu\/consumers\/odr\/\"><span style=\"font-weight: 400;\">http:\/\/ec.europa.eu\/consumers\/odr\/.<\/span><\/a><\/p>\n<p><span style=\"font-weight: 400;\">Los textos, im\u00e1genes, sonidos, animaciones, software y el resto de contenidos incluidos en este website son propiedad exclusiva de&nbsp;<\/span>visteteconvero.es<span style=\"font-weight: 400;\">&nbsp;o sus licenciantes. Cualquier acto de transmisi\u00f3n, distribuci\u00f3n, cesi\u00f3n, reproducci\u00f3n, almacenamiento o comunicaci\u00f3n p\u00fablica total o parcial, debe contar con el consentimiento expreso de&nbsp;<\/span><span style=\"color: var( --e-global-color-text ); font-family: var( --e-global-typography-text-font-family ), Sans-serif; font-weight: var( --e-global-typography-text-font-weight ); text-align: var(--text-align); background-color: var(--nv-site-bg); font-size: var(--bodyfontsize); letter-spacing: var(--bodyletterspacing); text-transform: var(--bodytexttransform);\">fresadecolores.es.<\/span><\/p>\t\t\t\t\t\t\t\t<\/div>\n\t\t\t\t<\/div>\n\t\t\t\t\t<\/div>\n\t\t\t\t<\/div>\n\t\t\t\t<\/div>\n\t\t","protected":false},"excerpt":{"rendered":"<p>AVISO LEGAL INFORMACI\u00d3N GENERAL Titular: Ver\u00f3nica Fern\u00e1ndez Fern\u00e1ndez, en adelante V\u00edstete con Vero Direcci\u00f3n:&nbsp;Calle Planeta Neptuno 3,&nbsp;&nbsp;28983&nbsp;Parla (Madrid). Contacto: info@visteteconvero.es V\u00edstete con Vero&nbsp;no puede asumir ninguna responsabilidad derivada del uso incorrecto, inapropiado o il\u00edcito de la informaci\u00f3n aparecida en las p\u00e1ginas de Internet de&nbsp;visteteconvero.es. Con los l\u00edmites establecidos en la ley,&nbsp;V\u00edstete con Vero&nbsp;no asume ninguna&hellip;&nbsp;<a href=\"https:\/\/visteteconvero.es\/index.php\/aviso-legal\/\" rel=\"bookmark\">Read More &raquo;<span class=\"screen-reader-text\">AVISO LEGAL<\/span><\/a><\/p>\n","protected":false},"author":4,"featured_media":0,"parent":0,"menu_order":0,"comment_status":"closed","ping_status":"closed","template":"page-templates\/template-pagebuilder-full-width.php","meta":{"neve_meta_sidebar":"","neve_meta_container":"","neve_meta_enable_content_width":"","neve_meta_content_width":0,"neve_meta_title_alignment":"","neve_meta_author_avatar":"","neve_post_elements_order":"","neve_meta_disable_header":"","neve_meta_disable_footer":"","neve_meta_disable_title":"","neve_meta_reading_time":"","footnotes":""},"class_list":["post-1069","page","type-page","status-publish","hentry"],"_links":{"self":[{"href":"https:\/\/visteteconvero.es\/index.php\/wp-json\/wp\/v2\/pages\/1069","targetHints":{"allow":["GET"]}}],"collection":[{"href":"https:\/\/visteteconvero.es\/index.php\/wp-json\/wp\/v2\/pages"}],"about":[{"href":"https:\/\/visteteconvero.es\/index.php\/wp-json\/wp\/v2\/types\/page"}],"author":[{"embeddable":true,"href":"https:\/\/visteteconvero.es\/index.php\/wp-json\/wp\/v2\/users\/4"}],"replies":[{"embeddable":true,"href":"https:\/\/visteteconvero.es\/index.php\/wp-json\/wp\/v2\/comments?post=1069"}],"version-history":[{"count":3,"href":"https:\/\/visteteconvero.es\/index.php\/wp-json\/wp\/v2\/pages\/1069\/revisions"}],"predecessor-version":[{"id":2090,"href":"https:\/\/visteteconvero.es\/index.php\/wp-json\/wp\/v2\/pages\/1069\/revisions\/2090"}],"wp:attachment":[{"href":"https:\/\/visteteconvero.es\/index.php\/wp-json\/wp\/v2\/media?parent=1069"}],"curies":[{"name":"wp","href":"https:\/\/api.w.org\/{rel}","templated":true}]}}