{"id":1061,"date":"2024-02-19T16:13:11","date_gmt":"2024-02-19T15:13:11","guid":{"rendered":"https:\/\/fresadecolores.com\/?page_id=1061"},"modified":"2025-02-12T14:24:42","modified_gmt":"2025-02-12T13:24:42","slug":"politica-de-cookies","status":"publish","type":"page","link":"https:\/\/visteteconvero.es\/index.php\/politica-de-cookies\/","title":{"rendered":"POL\u00cdTICA DE COOKIES"},"content":{"rendered":"\t\t<div data-elementor-type=\"wp-page\" data-elementor-id=\"1061\" class=\"elementor elementor-1061\" data-elementor-post-type=\"page\">\n\t\t\t\t<div class=\"elementor-element elementor-element-77dc0e9 e-flex e-con-boxed e-con e-parent\" data-id=\"77dc0e9\" data-element_type=\"container\">\n\t\t\t\t\t<div class=\"e-con-inner\">\n\t\t\t\t<div class=\"elementor-element elementor-element-2553f74 elementor-widget elementor-widget-text-editor\" data-id=\"2553f74\" data-element_type=\"widget\" data-widget_type=\"text-editor.default\">\n\t\t\t\t<div class=\"elementor-widget-container\">\n\t\t\t\t\t\t\t\t\t<h2><span style=\"font-weight: 400;\">POL\u00cdTICA DE COOKIES<\/span><\/h2>\n<p><b>Definici\u00f3n y funci\u00f3n de las cookies<\/b><\/p>\n<p><span style=\"font-weight: 400;\">\u00bfQu\u00e9 son las cookies? Una cookie es un fichero que se descarga en tu ordenador o terminal al acceder a nuestra p\u00e1gina web. Las cookies nos permiten, entre otras cosas, almacenar y recuperar informaci\u00f3n sobre los h\u00e1bitos de navegaci\u00f3n de un usuario o de su equipo y, dependiendo de la informaci\u00f3n que contengan y de la forma en que utilice su equipo, pueden utilizarse para reconocer al usuario.<\/span><\/p>\n<p><b>\u00bfQu\u00e9 tipos de cookies utiliza nuestra p\u00e1gina web?<\/b><\/p>\n<ol>\n<li style=\"font-weight: 400;\" aria-level=\"1\"><span style=\"font-weight: 400;\">Cookies propias: Son aqu\u00e9llas que enviamos a tu ordenador o terminal desde nuestra p\u00e1gina web.<\/span><\/li>\n<li style=\"font-weight: 400;\" aria-level=\"1\"><span style=\"font-weight: 400;\">Cookies de tercero: Son aqu\u00e9llas que se env\u00edan a tu ordenador o terminal desde un dominio o una p\u00e1gina web que no es gestionada por nosotros, sino por otra entidad que trata los datos obtenidos a trav\u00e9s de las cookies.<\/span><\/li>\n<li style=\"font-weight: 400;\" aria-level=\"1\"><span style=\"font-weight: 400;\">Cookies de sesi\u00f3n: Son un tipo de cookies dise\u00f1adas para recabar y almacenar datos mientras accedes a nuestra web.<\/span><\/li>\n<li style=\"font-weight: 400;\" aria-level=\"1\"><span style=\"font-weight: 400;\">Cookies persistentes: Son un tipo de cookies en el que los datos siguen almacenados en el terminal y pueden ser accedidos y tratados durante un periodo determinado de tiempo, y que puede ir de unos minutos a varios a\u00f1os.<\/span><\/li>\n<li style=\"font-weight: 400;\" aria-level=\"1\"><span style=\"font-weight: 400;\">Cookies de an\u00e1lisis: Son aqu\u00e9llas que bien tratadas por nosotros o por terceros, nos permiten cuantificar el n\u00famero de usuarios y realizar la medici\u00f3n y an\u00e1lisis estad\u00edstico de la utilizaci\u00f3n que hacen los usuarios de nuestra web. Para ello analizamos la navegaci\u00f3n en nuestra p\u00e1gina web con el fin de mejorar la oferta de productos o servicios que ofrecemos.<\/span><\/li>\n<li style=\"font-weight: 400;\" aria-level=\"1\"><span style=\"font-weight: 400;\">Cookies publicitarias: Son aqu\u00e9llas que permiten la gesti\u00f3n, de la forma m\u00e1s eficaz posible, de los espacios publicitarios que hay en nuestra p\u00e1gina web en base a criterios como el contenido editado o la frecuencia en la que se muestran los anuncios o en funci\u00f3n del comportamiento de los usuarios obtenida a trav\u00e9s de la observaci\u00f3n continuada de sus h\u00e1bitos de navegaci\u00f3n, lo que permite desarrollar un perfil espec\u00edfico para mostrar la publicidad en funci\u00f3n del mismo.<\/span><\/li>\n<\/ol>\n<p><span style=\"font-weight: 400;\">&nbsp;<\/span><\/p>\n<p><b>Administraci\u00f3n de la cookies<\/b><\/p>\n<p><span style=\"font-weight: 400;\">Puedes permitir, bloquear o eliminar las cookies instaladas en tu ordenador mediante la configuraci\u00f3n de las opciones del navegador instalado en tu ordenador.<\/span><\/p>\n<p><span style=\"font-weight: 400;\">+ CHROME: <\/span><a href=\"https:\/\/support.google.com\/chrome\/answer\/95647?hl=es\"><span style=\"font-weight: 400;\">https:\/\/support.google.com\/chrome\/answer\/95647?hl=es<\/span><\/a><\/p>\n<p><span style=\"font-weight: 400;\">+ EXPLORER:<\/span><a href=\"http:\/\/windows.microsoft.com\/es-es\/windows-vista\/Block-or-allow-cookie\"><span style=\"font-weight: 400;\">http:\/\/windows.microsoft.com\/es-es\/windows-vista\/Block-or-allow-cookie<\/span><\/a><\/p>\n<p><span style=\"font-weight: 400;\">+ FIREFOX:<\/span><a href=\"http:\/\/support.mozilla.org\/es\/kb\/habilitar-y-deshabilitar-cookies-que-los-sitios-we\"><span style=\"font-weight: 400;\">http:\/\/support.mozilla.org\/es\/kb\/habilitar-y-deshabilitar-cookies-que-los-sitios-we<\/span><\/a><\/p>\n<p><span style=\"font-weight: 400;\">+ SAFARI: <\/span><a href=\"http:\/\/www.apple.com\/es\/privacy\/use-of-cookies\/\"><span style=\"font-weight: 400;\">http:\/\/www.apple.com\/es\/privacy\/use-of-cookies\/<\/span><\/a><\/p>\n<p><span style=\"font-weight: 400;\">&nbsp;<\/span><\/p>\n<p><b>Empresas colaboradoras<\/b><\/p>\n<p><span style=\"font-weight: 400;\">En concreto los prestadores de servicios con los que hemos contratado alg\u00fan servicio para el que es necesario la utilizaci\u00f3n de cookies son:<\/span><\/p>\n<ul>\n<li style=\"font-weight: 400;\" aria-level=\"1\"><span style=\"font-weight: 400;\">Google, INC. con la cookie de Google Analytics que se usa para el an\u00e1lisis del comportamiento de los usuarios en Internet. La informaci\u00f3n que genera la cookie acerca del uso que realiza el usuario de la p\u00e1gina web se transmite y se almacena generalmente en los servidores de Google de Estados Unidos. En caso de activar la opci\u00f3n de IP an\u00f3nima en la p\u00e1gina web, la direcci\u00f3n IP no aparecer\u00e1 completa dentro de los pa\u00edses de la Uni\u00f3n Europea o en los dem\u00e1s pa\u00edses que as\u00ed lo hayan acordado dentro del espacio econ\u00f3mico de la Uni\u00f3n Europea. Solo excepcionalmente se transmitir\u00e1 la direcci\u00f3n IP completa a un servidor de Google en Estados Unidos y una vez all\u00ed se acortar\u00e1. \u00danicamente con autorizaci\u00f3n del usuario de la p\u00e1gina, Google utilizar\u00e1 esta informaci\u00f3n con el fin de valorar el comportamiento del usuario en la p\u00e1gina web, generar informes sobre las actividades de la web y ofrecer al due\u00f1o de la p\u00e1gina servicios relacionados con el uso web y de Internet. La direcci\u00f3n IP transmitida por su navegador en el marco de Google Analytics no se asociar\u00e1 con otros datos de Google. El usuario puede evitar el almacenamiento de cookies configurando el navegador correspondientemente de manera que no se almacenen las cookies. Esta configuraci\u00f3n puede afectar a la plena funcionalidad de la p\u00e1gina web. Con el uso de esta web, el usuario est\u00e1 de acuerdo con el procesamiento de datos por Google de la forma anteriormente mencionada. El usuario tambi\u00e9n puede evitar el registro de los datos generados por las cookies y de los relacionados al uso de la p\u00e1gina web (incluida la direcci\u00f3n IP), as\u00ed como el procesamiento de los mismos descargando e instalando el siguiente plugin para el navegador disponible a trav\u00e9s de este link: <\/span><a href=\"http:\/\/tools.google.com\/dlpage\/gaoptout\"><span style=\"font-weight: 400;\">http:\/\/tools.google.com\/dlpage\/gaoptout<\/span><\/a><span style=\"font-weight: 400;\"> M\u00e1s informaci\u00f3n acerca de los t\u00e9rminos y condiciones de uso y pol\u00edtica de privacidad en las condiciones de uso de Google Analytics o en las condiciones generales de Google Analytics. Ten en cuenta que en esta p\u00e1gina el c\u00f3digo de Google Analytics incluye la etiqueta \u201cgat._anonymizeIp();\u201d, que asegura la recolecci\u00f3n de direcciones IP de manera an\u00f3nima (m\u00e1scara de IP).<\/span><\/li>\n<\/ul>\n<h3><span style=\"font-weight: 400;\">&nbsp;<\/span><\/h3>\n<h3><b>INFORMACI\u00d3N B\u00c1SICA SOBRE PROTECCI\u00d3N DE DATOS<\/b><\/h3>\n<p><span style=\"font-weight: 400;\">Responsable: V\u00edstete con Vero<\/span><\/p>\n<p><span style=\"font-weight: 400;\">Finalidad: Prestaci\u00f3n del servicio, prevenci\u00f3n de fraude y comunicaciones comerciales<\/span><\/p>\n<p><span style=\"font-weight: 400;\">Legitimaci\u00f3n: Consentimiento del interesado.<\/span><\/p>\n<p><span style=\"font-weight: 400;\">Destinatarios: Empresas colaboradoras y autoridades p\u00fablicas<\/span><\/p>\n<p><span style=\"font-weight: 400;\">Derechos: Acceder, rectificar, suprimir, oponerse y otros<\/span><\/p>\n<p><span style=\"font-weight: 400;\">Puedes encontrar informaci\u00f3n m\u00e1s detallada en nuestra pol\u00edtica de privacidad<\/span><\/p>\t\t\t\t\t\t\t\t<\/div>\n\t\t\t\t<\/div>\n\t\t\t\t\t<\/div>\n\t\t\t\t<\/div>\n\t\t\t\t<\/div>\n\t\t","protected":false},"excerpt":{"rendered":"<p>POL\u00cdTICA DE COOKIES Definici\u00f3n y funci\u00f3n de las cookies \u00bfQu\u00e9 son las cookies? Una cookie es un fichero que se descarga en tu ordenador o terminal al acceder a nuestra p\u00e1gina web. Las cookies nos permiten, entre otras cosas, almacenar y recuperar informaci\u00f3n sobre los h\u00e1bitos de navegaci\u00f3n de un usuario o de su equipo&hellip;&nbsp;<a href=\"https:\/\/visteteconvero.es\/index.php\/politica-de-cookies\/\" rel=\"bookmark\">Read More &raquo;<span class=\"screen-reader-text\">POL\u00cdTICA DE COOKIES<\/span><\/a><\/p>\n","protected":false},"author":4,"featured_media":0,"parent":0,"menu_order":0,"comment_status":"closed","ping_status":"closed","template":"page-templates\/template-pagebuilder-full-width.php","meta":{"neve_meta_sidebar":"","neve_meta_container":"","neve_meta_enable_content_width":"","neve_meta_content_width":0,"neve_meta_title_alignment":"","neve_meta_author_avatar":"","neve_post_elements_order":"","neve_meta_disable_header":"","neve_meta_disable_footer":"","neve_meta_disable_title":"","neve_meta_reading_time":"","footnotes":""},"class_list":["post-1061","page","type-page","status-publish","hentry"],"_links":{"self":[{"href":"https:\/\/visteteconvero.es\/index.php\/wp-json\/wp\/v2\/pages\/1061","targetHints":{"allow":["GET"]}}],"collection":[{"href":"https:\/\/visteteconvero.es\/index.php\/wp-json\/wp\/v2\/pages"}],"about":[{"href":"https:\/\/visteteconvero.es\/index.php\/wp-json\/wp\/v2\/types\/page"}],"author":[{"embeddable":true,"href":"https:\/\/visteteconvero.es\/index.php\/wp-json\/wp\/v2\/users\/4"}],"replies":[{"embeddable":true,"href":"https:\/\/visteteconvero.es\/index.php\/wp-json\/wp\/v2\/comments?post=1061"}],"version-history":[{"count":3,"href":"https:\/\/visteteconvero.es\/index.php\/wp-json\/wp\/v2\/pages\/1061\/revisions"}],"predecessor-version":[{"id":2093,"href":"https:\/\/visteteconvero.es\/index.php\/wp-json\/wp\/v2\/pages\/1061\/revisions\/2093"}],"wp:attachment":[{"href":"https:\/\/visteteconvero.es\/index.php\/wp-json\/wp\/v2\/media?parent=1061"}],"curies":[{"name":"wp","href":"https:\/\/api.w.org\/{rel}","templated":true}]}}